{"id":145667,"date":"2024-11-05T10:26:15","date_gmt":"2024-11-05T10:26:15","guid":{"rendered":"https:\/\/almabereberexperience.com\/as-nossas-escapadelas\/"},"modified":"2025-02-07T07:34:49","modified_gmt":"2025-02-07T07:34:49","slug":"as-nossas-escapadelas","status":"publish","type":"page","link":"https:\/\/almabereberexperience.com\/pt-pt\/as-nossas-escapadelas\/","title":{"rendered":"As nossas escapadelas"},"content":{"rendered":"<div class=\"wpb-content-wrapper\"><p>[vc_row row_height_percent=&#8221;0&#8243; override_padding=&#8221;yes&#8221; h_padding=&#8221;2&#8243; top_padding=&#8221;2&#8243; bottom_padding=&#8221;2&#8243; back_color=&#8221;color-210407&#8243; overlay_alpha=&#8221;50&#8243; gutter_size=&#8221;2&#8243; column_width_percent=&#8221;100&#8243; shift_y=&#8221;0&#8243; z_index=&#8221;0&#8243; content_parallax=&#8221;0&#8243; uncode_shortcode_id=&#8221;198863&#8243; back_color_type=&#8221;uncode-palette&#8221;][vc_column column_width_percent=&#8221;100&#8243; align_horizontal=&#8221;align_center&#8221; gutter_size=&#8221;3&#8243; style=&#8221;dark&#8221; overlay_alpha=&#8221;50&#8243; shift_x=&#8221;0&#8243; shift_y=&#8221;0&#8243; shift_y_down=&#8221;0&#8243; z_index=&#8221;0&#8243; medium_width=&#8221;0&#8243; mobile_width=&#8221;0&#8243; width=&#8221;1\/1&#8243; uncode_shortcode_id=&#8221;172463&#8243;][vc_custom_heading heading_semantic=&#8221;h1&#8243; text_size=&#8221;fontsize-155944&#8243; text_transform=&#8221;uppercase&#8221; uncode_shortcode_id=&#8221;670459&#8243;]Pronto para ser arrebatado pela magia do Marrocos?[\/vc_custom_heading][vc_column_text text_lead=&#8221;yes&#8221; uncode_shortcode_id=&#8221;146844&#8243;]Escolha sua experi\u00eancia e prepare-se para descobrir um pa\u00eds onde o extraordin\u00e1rio est\u00e1 em cada esquina.[\/vc_column_text][vc_empty_space empty_h=&#8221;1&#8243;][uncode_index el_id=&#8221;index-8148083867&#8243; isotope_mode=&#8221;fitRows&#8221; loop=&#8221;size:8|order_by:date|order:ASC|post_type:experiencias|taxonomy_count:10&#8243; screen_lg=&#8221;1000&#8243; screen_md=&#8221;600&#8243; screen_sm=&#8221;480&#8243; gutter_size=&#8221;3&#8243; post_items=&#8221;media|featured|onpost|poster,title,sep-one|reduced,text|excerpt&#8221; experiencias_items=&#8221;media|featured|onpost|original,title,sep-one|reduced,text|excerpt,spacer|half,link|circle|default_size|scale_mobile|default_width|outline_inverse|Eu quero ir!&#8221; single_text=&#8221;overlay&#8221; images_size=&#8221;three-four&#8221; single_shape=&#8221;round&#8221; radius=&#8221;lg&#8221; single_overlay_color=&#8221;color-wayh&#8221; single_overlay_opacity=&#8221;50&#8243; single_overlay_visible=&#8221;yes&#8221; single_text_visible=&#8221;yes&#8221; single_text_anim_type=&#8221;btt&#8221; single_h_align=&#8221;center&#8221; single_v_position=&#8221;bottom&#8221; single_padding=&#8221;2&#8243; single_title_dimension=&#8221;h1&#8243; single_title_weight=&#8221;400&#8243; single_title_transform=&#8221;uppercase&#8221; single_border=&#8221;yes&#8221; single_css_animation=&#8221;bottom-t-top&#8221; no_double_tap=&#8221;yes&#8221; uncode_shortcode_id=&#8221;628192&#8243;][vc_empty_space empty_h=&#8221;1&#8243;][\/vc_column][\/vc_row][vc_row row_height_percent=&#8221;100&#8243; override_padding=&#8221;yes&#8221; h_padding=&#8221;2&#8243; top_padding=&#8221;2&#8243; bottom_padding=&#8221;2&#8243; back_color=&#8221;color-210407&#8243; overlay_alpha=&#8221;50&#8243; gutter_size=&#8221;2&#8243; column_width_use_pixel=&#8221;yes&#8221; shift_y=&#8221;0&#8243; z_index=&#8221;0&#8243; content_parallax=&#8221;0&#8243; uncode_shortcode_id=&#8221;841851&#8243; column_width_pixel=&#8221;1350&#8243; back_color_type=&#8221;uncode-palette&#8221;][vc_column column_width_percent=&#8221;100&#8243; position_vertical=&#8221;justify&#8221; align_horizontal=&#8221;align_right&#8221; gutter_size=&#8221;3&#8243; override_padding=&#8221;yes&#8221; column_padding=&#8221;3&#8243; style=&#8221;dark&#8221; back_color=&#8221;accent&#8221; back_image=&#8221;145328&#8243; overlay_alpha=&#8221;0&#8243; radius=&#8221;xl&#8221; shift_x=&#8221;0&#8243; shift_y=&#8221;0&#8243; shift_y_down=&#8221;0&#8243; z_index=&#8221;0&#8243; medium_width=&#8221;0&#8243; mobile_width=&#8221;0&#8243; width=&#8221;1\/2&#8243; uncode_shortcode_id=&#8221;521471&#8243; back_color_type=&#8221;uncode-palette&#8221;][vc_custom_heading text_color=&#8221;color-482803&#8243; heading_semantic=&#8221;h3&#8243; text_size=&#8221;fontsize-338686&#8243; text_transform=&#8221;uppercase&#8221; text_height=&#8221;fontheight-179065&#8243; text_space=&#8221;fontspace-111509&#8243; uncode_shortcode_id=&#8221;164359&#8243; text_color_type=&#8221;uncode-palette&#8221;]Desenhe a sua experi\u00eancia em Marrocos[\/vc_custom_heading][vc_row_inner limit_content=&#8221;&#8221;][vc_column_inner column_width_percent=&#8221;100&#8243; gutter_size=&#8221;3&#8243; style=&#8221;dark&#8221; overlay_alpha=&#8221;50&#8243; shift_x=&#8221;0&#8243; shift_y=&#8221;0&#8243; shift_y_down=&#8221;0&#8243; z_index=&#8221;0&#8243; medium_width=&#8221;0&#8243; align_mobile=&#8221;align_center_mobile&#8221; mobile_width=&#8221;0&#8243; width=&#8221;1\/1&#8243; uncode_shortcode_id=&#8221;190492&#8243;][vc_custom_heading heading_semantic=&#8221;h6&#8243; text_size=&#8221;custom&#8221; text_weight=&#8221;400&#8243; text_height=&#8221;fontheight-357766&#8243; uncode_shortcode_id=&#8221;179565&#8243; heading_custom_size=&#8221;clamp(16px, 3vw, 26px)&#8221;]Disponibilizamos-lhe um formul\u00e1rio de contacto para que nos possa comunicar os seus desejos, prefer\u00eancias ou preocupa\u00e7\u00f5es para que a sua experi\u00eancia seja tal como sonhou. Na Alma Ber\u00e9ber n\u00e3o viajamos apenas, n\u00f3s sentimos[\/vc_custom_heading][\/vc_column_inner][\/vc_row_inner][vc_row_inner limit_content=&#8221;&#8221;][vc_column_inner column_width_percent=&#8221;100&#8243; position_vertical=&#8221;middle&#8221; gutter_size=&#8221;3&#8243; style=&#8221;dark&#8221; overlay_alpha=&#8221;50&#8243; shift_x=&#8221;0&#8243; shift_y=&#8221;0&#8243; shift_y_down=&#8221;0&#8243; z_index=&#8221;0&#8243; medium_width=&#8221;4&#8243; align_mobile=&#8221;align_center_mobile&#8221; mobile_width=&#8221;0&#8243; width=&#8221;1\/2&#8243; uncode_shortcode_id=&#8221;160563&#8243;][vc_custom_heading heading_semantic=&#8221;h5&#8243; text_size=&#8221;custom&#8221; text_transform=&#8221;uppercase&#8221; uncode_shortcode_id=&#8221;453703&#8243; heading_custom_size=&#8221;clamp(30px, 3vw, 25px)&#8221;]Desenhe a sua experi\u00eancia[\/vc_custom_heading][\/vc_column_inner][vc_column_inner column_width_percent=&#8221;100&#8243; position_vertical=&#8221;middle&#8221; align_horizontal=&#8221;align_right&#8221; gutter_size=&#8221;3&#8243; style=&#8221;dark&#8221; overlay_alpha=&#8221;50&#8243; shift_x=&#8221;0&#8243; shift_y=&#8221;0&#8243; shift_y_down=&#8221;0&#8243; z_index=&#8221;0&#8243; medium_width=&#8221;4&#8243; align_mobile=&#8221;align_center_mobile&#8221; mobile_width=&#8221;0&#8243; width=&#8221;1\/2&#8243; uncode_shortcode_id=&#8221;208739&#8243;][vc_icon icon=&#8221;fa fa-arrow-right2&#8243; icon_color=&#8221;color-482803&#8243; background_style=&#8221;fa-rounded&#8221; size=&#8221;fa-2x&#8221; uncode_shortcode_id=&#8221;372181&#8243; link=&#8221;url:https%3A%2F%2Falmabereberexperience.com%2Fpt-pt%2Fdesenhe-a-sua-experiencia%2F|title:Desenhe%20a%20sua%20experi%C3%AAncia|&#8221; icon_color_type=&#8221;uncode-palette&#8221;][\/vc_icon][\/vc_column_inner][\/vc_row_inner][\/vc_column][vc_column column_width_percent=&#8221;100&#8243; position_vertical=&#8221;justify&#8221; gutter_size=&#8221;3&#8243; back_image=&#8221;145329&#8243; back_position=&#8221;center bottom&#8221; overlay_alpha=&#8221;50&#8243; radius=&#8221;xl&#8221; shift_x=&#8221;0&#8243; shift_y=&#8221;0&#8243; shift_y_down=&#8221;0&#8243; z_index=&#8221;0&#8243; medium_width=&#8221;0&#8243; mobile_width=&#8221;0&#8243; width=&#8221;1\/2&#8243; uncode_shortcode_id=&#8221;343599&#8243; mobile_height=&#8221;33vh&#8221;][\/vc_column][\/vc_row][vc_row row_height_percent=&#8221;0&#8243; override_padding=&#8221;yes&#8221; h_padding=&#8221;2&#8243; top_padding=&#8221;2&#8243; bottom_padding=&#8221;2&#8243; back_color=&#8221;color-210407&#8243; overlay_alpha=&#8221;50&#8243; gutter_size=&#8221;2&#8243; column_width_percent=&#8221;100&#8243; shift_y=&#8221;0&#8243; z_index=&#8221;0&#8243; content_parallax=&#8221;0&#8243; uncode_shortcode_id=&#8221;198863&#8243; back_color_type=&#8221;uncode-palette&#8221;][vc_column column_width_percent=&#8221;100&#8243; align_horizontal=&#8221;align_center&#8221; gutter_size=&#8221;3&#8243; style=&#8221;dark&#8221; overlay_alpha=&#8221;50&#8243; shift_x=&#8221;0&#8243; shift_y=&#8221;0&#8243; shift_y_down=&#8221;0&#8243; z_index=&#8221;0&#8243; medium_width=&#8221;0&#8243; mobile_width=&#8221;0&#8243; width=&#8221;1\/1&#8243; uncode_shortcode_id=&#8221;172463&#8243;][vc_single_image media=&#8221;32&#8243; media_width_use_pixel=&#8221;yes&#8221; alignment=&#8221;center&#8221; uncode_shortcode_id=&#8221;449366&#8243; media_width_pixel=&#8221;100&#8243;][\/vc_column][\/vc_row]<\/p>\n<\/div>","protected":false},"excerpt":{"rendered":"<p>[vc_row row_height_percent=&#8221;0&#8243; override_padding=&#8221;yes&#8221; h_padding=&#8221;2&#8243; top_padding=&#8221;2&#8243; bottom_padding=&#8221;2&#8243; back_color=&#8221;color-210407&#8243; overlay_alpha=&#8221;50&#8243; gutter_size=&#8221;2&#8243; column_width_percent=&#8221;100&#8243; shift_y=&#8221;0&#8243; z_index=&#8221;0&#8243; content_parallax=&#8221;0&#8243; uncode_shortcode_id=&#8221;198863&#8243; back_color_type=&#8221;uncode-palette&#8221;][vc_column column_width_percent=&#8221;100&#8243; align_horizontal=&#8221;align_center&#8221; gutter_size=&#8221;3&#8243; style=&#8221;dark&#8221; overlay_alpha=&#8221;50&#8243; [&hellip;]<\/p>\n","protected":false},"author":1,"featured_media":0,"parent":0,"menu_order":0,"comment_status":"closed","ping_status":"closed","template":"","meta":{"footnotes":""},"class_list":["post-145667","page","type-page","status-publish","hentry"],"yoast_head":"<!-- This site is optimized with the Yoast SEO plugin v24.5 - https:\/\/yoast.com\/wordpress\/plugins\/seo\/ -->\n<title>Fuga para Marrocos. As atividades mais bem organizadas<\/title>\n<meta name=\"description\" content=\"Descubra Marrocos com a Alma Ber\u00e9ber Experience: passeios de um dia a T\u00e2nger, para descobrir o norte ou viver experi\u00eancias no deserto.\" \/>\n<meta name=\"robots\" content=\"index, follow, max-snippet:-1, max-image-preview:large, max-video-preview:-1\" \/>\n<link rel=\"canonical\" href=\"https:\/\/almabereberexperience.com\/pt-pt\/as-nossas-escapadelas\/\" \/>\n<meta property=\"og:locale\" content=\"pt_PT\" \/>\n<meta property=\"og:type\" content=\"article\" \/>\n<meta property=\"og:title\" content=\"Fuga para Marrocos. As atividades mais bem organizadas\" \/>\n<meta property=\"og:description\" content=\"Descubra Marrocos com a Alma Ber\u00e9ber Experience: passeios de um dia a T\u00e2nger, para descobrir o norte ou viver experi\u00eancias no deserto.\" \/>\n<meta property=\"og:url\" content=\"https:\/\/almabereberexperience.com\/pt-pt\/as-nossas-escapadelas\/\" \/>\n<meta property=\"og:site_name\" content=\"Alma Ber\u00e9ber\" \/>\n<meta property=\"article:publisher\" content=\"https:\/\/almabereberexperience.com\" \/>\n<meta property=\"article:modified_time\" content=\"2025-02-07T07:34:49+00:00\" \/>\n<meta property=\"og:image\" content=\"https:\/\/almabereberexperience.com\/wp-content\/uploads\/2021\/07\/alma-bereber-experience-home-bg.webp\" \/>\n\t<meta property=\"og:image:width\" content=\"1920\" \/>\n\t<meta property=\"og:image:height\" content=\"1280\" \/>\n\t<meta property=\"og:image:type\" content=\"image\/webp\" \/>\n<meta name=\"twitter:card\" content=\"summary_large_image\" \/>\n<meta name=\"twitter:label1\" content=\"Tempo estimado de leitura\" \/>\n\t<meta name=\"twitter:data1\" content=\"2 minutos\" \/>\n<script type=\"application\/ld+json\" class=\"yoast-schema-graph\">{\"@context\":\"https:\/\/schema.org\",\"@graph\":[{\"@type\":\"WebPage\",\"@id\":\"https:\/\/almabereberexperience.com\/pt-pt\/as-nossas-escapadelas\/\",\"url\":\"https:\/\/almabereberexperience.com\/pt-pt\/as-nossas-escapadelas\/\",\"name\":\"Fuga para Marrocos. As atividades mais bem organizadas\",\"isPartOf\":{\"@id\":\"https:\/\/almabereberexperience.com\/pt-pt\/#website\"},\"datePublished\":\"2024-11-05T10:26:15+00:00\",\"dateModified\":\"2025-02-07T07:34:49+00:00\",\"description\":\"Descubra Marrocos com a Alma Ber\u00e9ber Experience: passeios de um dia a T\u00e2nger, para descobrir o norte ou viver experi\u00eancias no deserto.\",\"breadcrumb\":{\"@id\":\"https:\/\/almabereberexperience.com\/pt-pt\/as-nossas-escapadelas\/#breadcrumb\"},\"inLanguage\":\"pt-PT\",\"potentialAction\":[{\"@type\":\"ReadAction\",\"target\":[\"https:\/\/almabereberexperience.com\/pt-pt\/as-nossas-escapadelas\/\"]}]},{\"@type\":\"BreadcrumbList\",\"@id\":\"https:\/\/almabereberexperience.com\/pt-pt\/as-nossas-escapadelas\/#breadcrumb\",\"itemListElement\":[{\"@type\":\"ListItem\",\"position\":1,\"name\":\"Portada\",\"item\":\"https:\/\/almabereberexperience.com\/pt-pt\/\"},{\"@type\":\"ListItem\",\"position\":2,\"name\":\"As nossas escapadelas\"}]},{\"@type\":\"WebSite\",\"@id\":\"https:\/\/almabereberexperience.com\/pt-pt\/#website\",\"url\":\"https:\/\/almabereberexperience.com\/pt-pt\/\",\"name\":\"Alma Bereber Experience\",\"description\":\"Vive lo aut\u00e9ntico, siente lo extraordinario\",\"publisher\":{\"@id\":\"https:\/\/almabereberexperience.com\/pt-pt\/#organization\"},\"alternateName\":\"Alma Bereber\",\"potentialAction\":[{\"@type\":\"SearchAction\",\"target\":{\"@type\":\"EntryPoint\",\"urlTemplate\":\"https:\/\/almabereberexperience.com\/pt-pt\/?s={search_term_string}\"},\"query-input\":{\"@type\":\"PropertyValueSpecification\",\"valueRequired\":true,\"valueName\":\"search_term_string\"}}],\"inLanguage\":\"pt-PT\"},{\"@type\":\"Organization\",\"@id\":\"https:\/\/almabereberexperience.com\/pt-pt\/#organization\",\"name\":\"Alma Bereber Experience\",\"alternateName\":\"Alma Bereber\",\"url\":\"https:\/\/almabereberexperience.com\/pt-pt\/\",\"logo\":{\"@type\":\"ImageObject\",\"inLanguage\":\"pt-PT\",\"@id\":\"https:\/\/almabereberexperience.com\/pt-pt\/#\/schema\/logo\/image\/\",\"url\":\"https:\/\/almabereberexperience.com\/wp-content\/uploads\/2024\/10\/alma-bereber-experience-logo.png\",\"contentUrl\":\"https:\/\/almabereberexperience.com\/wp-content\/uploads\/2024\/10\/alma-bereber-experience-logo.png\",\"width\":521,\"height\":999,\"caption\":\"Alma Bereber Experience\"},\"image\":{\"@id\":\"https:\/\/almabereberexperience.com\/pt-pt\/#\/schema\/logo\/image\/\"},\"sameAs\":[\"https:\/\/almabereberexperience.com\"]}]}<\/script>\n<!-- \/ Yoast SEO plugin. -->","yoast_head_json":{"title":"Fuga para Marrocos. As atividades mais bem organizadas","description":"Descubra Marrocos com a Alma Ber\u00e9ber Experience: passeios de um dia a T\u00e2nger, para descobrir o norte ou viver experi\u00eancias no deserto.","robots":{"index":"index","follow":"follow","max-snippet":"max-snippet:-1","max-image-preview":"max-image-preview:large","max-video-preview":"max-video-preview:-1"},"canonical":"https:\/\/almabereberexperience.com\/pt-pt\/as-nossas-escapadelas\/","og_locale":"pt_PT","og_type":"article","og_title":"Fuga para Marrocos. As atividades mais bem organizadas","og_description":"Descubra Marrocos com a Alma Ber\u00e9ber Experience: passeios de um dia a T\u00e2nger, para descobrir o norte ou viver experi\u00eancias no deserto.","og_url":"https:\/\/almabereberexperience.com\/pt-pt\/as-nossas-escapadelas\/","og_site_name":"Alma Ber\u00e9ber","article_publisher":"https:\/\/almabereberexperience.com","article_modified_time":"2025-02-07T07:34:49+00:00","og_image":[{"width":1920,"height":1280,"url":"https:\/\/almabereberexperience.com\/wp-content\/uploads\/2021\/07\/alma-bereber-experience-home-bg.webp","type":"image\/webp"}],"twitter_card":"summary_large_image","twitter_misc":{"Tempo estimado de leitura":"2 minutos"},"schema":{"@context":"https:\/\/schema.org","@graph":[{"@type":"WebPage","@id":"https:\/\/almabereberexperience.com\/pt-pt\/as-nossas-escapadelas\/","url":"https:\/\/almabereberexperience.com\/pt-pt\/as-nossas-escapadelas\/","name":"Fuga para Marrocos. As atividades mais bem organizadas","isPartOf":{"@id":"https:\/\/almabereberexperience.com\/pt-pt\/#website"},"datePublished":"2024-11-05T10:26:15+00:00","dateModified":"2025-02-07T07:34:49+00:00","description":"Descubra Marrocos com a Alma Ber\u00e9ber Experience: passeios de um dia a T\u00e2nger, para descobrir o norte ou viver experi\u00eancias no deserto.","breadcrumb":{"@id":"https:\/\/almabereberexperience.com\/pt-pt\/as-nossas-escapadelas\/#breadcrumb"},"inLanguage":"pt-PT","potentialAction":[{"@type":"ReadAction","target":["https:\/\/almabereberexperience.com\/pt-pt\/as-nossas-escapadelas\/"]}]},{"@type":"BreadcrumbList","@id":"https:\/\/almabereberexperience.com\/pt-pt\/as-nossas-escapadelas\/#breadcrumb","itemListElement":[{"@type":"ListItem","position":1,"name":"Portada","item":"https:\/\/almabereberexperience.com\/pt-pt\/"},{"@type":"ListItem","position":2,"name":"As nossas escapadelas"}]},{"@type":"WebSite","@id":"https:\/\/almabereberexperience.com\/pt-pt\/#website","url":"https:\/\/almabereberexperience.com\/pt-pt\/","name":"Alma Bereber Experience","description":"Vive lo aut\u00e9ntico, siente lo extraordinario","publisher":{"@id":"https:\/\/almabereberexperience.com\/pt-pt\/#organization"},"alternateName":"Alma Bereber","potentialAction":[{"@type":"SearchAction","target":{"@type":"EntryPoint","urlTemplate":"https:\/\/almabereberexperience.com\/pt-pt\/?s={search_term_string}"},"query-input":{"@type":"PropertyValueSpecification","valueRequired":true,"valueName":"search_term_string"}}],"inLanguage":"pt-PT"},{"@type":"Organization","@id":"https:\/\/almabereberexperience.com\/pt-pt\/#organization","name":"Alma Bereber Experience","alternateName":"Alma Bereber","url":"https:\/\/almabereberexperience.com\/pt-pt\/","logo":{"@type":"ImageObject","inLanguage":"pt-PT","@id":"https:\/\/almabereberexperience.com\/pt-pt\/#\/schema\/logo\/image\/","url":"https:\/\/almabereberexperience.com\/wp-content\/uploads\/2024\/10\/alma-bereber-experience-logo.png","contentUrl":"https:\/\/almabereberexperience.com\/wp-content\/uploads\/2024\/10\/alma-bereber-experience-logo.png","width":521,"height":999,"caption":"Alma Bereber Experience"},"image":{"@id":"https:\/\/almabereberexperience.com\/pt-pt\/#\/schema\/logo\/image\/"},"sameAs":["https:\/\/almabereberexperience.com"]}]}},"_links":{"self":[{"href":"https:\/\/almabereberexperience.com\/pt-pt\/wp-json\/wp\/v2\/pages\/145667","targetHints":{"allow":["GET"]}}],"collection":[{"href":"https:\/\/almabereberexperience.com\/pt-pt\/wp-json\/wp\/v2\/pages"}],"about":[{"href":"https:\/\/almabereberexperience.com\/pt-pt\/wp-json\/wp\/v2\/types\/page"}],"author":[{"embeddable":true,"href":"https:\/\/almabereberexperience.com\/pt-pt\/wp-json\/wp\/v2\/users\/1"}],"replies":[{"embeddable":true,"href":"https:\/\/almabereberexperience.com\/pt-pt\/wp-json\/wp\/v2\/comments?post=145667"}],"version-history":[{"count":5,"href":"https:\/\/almabereberexperience.com\/pt-pt\/wp-json\/wp\/v2\/pages\/145667\/revisions"}],"predecessor-version":[{"id":145793,"href":"https:\/\/almabereberexperience.com\/pt-pt\/wp-json\/wp\/v2\/pages\/145667\/revisions\/145793"}],"wp:attachment":[{"href":"https:\/\/almabereberexperience.com\/pt-pt\/wp-json\/wp\/v2\/media?parent=145667"}],"curies":[{"name":"wp","href":"https:\/\/api.w.org\/{rel}","templated":true}]}}