{"id":145659,"date":"2024-11-06T08:24:13","date_gmt":"2024-11-06T08:24:13","guid":{"rendered":"https:\/\/almabereberexperience.com\/contacto-alma-bereber\/"},"modified":"2025-06-05T09:12:36","modified_gmt":"2025-06-05T09:12:36","slug":"contacto","status":"publish","type":"page","link":"https:\/\/almabereberexperience.com\/pt-pt\/contacto\/","title":{"rendered":"Contacto"},"content":{"rendered":"<div class=\"wpb-content-wrapper\"><p>[vc_row row_height_percent=&#8221;0&#8243; override_padding=&#8221;yes&#8221; h_padding=&#8221;2&#8243; top_padding=&#8221;2&#8243; bottom_padding=&#8221;2&#8243; back_color=&#8221;color-210407&#8243; overlay_alpha=&#8221;50&#8243; gutter_size=&#8221;2&#8243; column_width_percent=&#8221;100&#8243; shift_y=&#8221;0&#8243; z_index=&#8221;0&#8243; content_parallax=&#8221;0&#8243; uncode_shortcode_id=&#8221;198863&#8243; back_color_type=&#8221;uncode-palette&#8221;][vc_column column_width_percent=&#8221;100&#8243; align_horizontal=&#8221;align_center&#8221; gutter_size=&#8221;3&#8243; style=&#8221;dark&#8221; overlay_alpha=&#8221;50&#8243; shift_x=&#8221;0&#8243; shift_y=&#8221;0&#8243; shift_y_down=&#8221;0&#8243; z_index=&#8221;0&#8243; medium_width=&#8221;0&#8243; mobile_width=&#8221;0&#8243; width=&#8221;1\/1&#8243; uncode_shortcode_id=&#8221;172463&#8243;][vc_column_text text_lead=&#8221;yes&#8221; uncode_shortcode_id=&#8221;695425&#8243;]N\u00f3s levaremos voc\u00ea para conhecer o Marrocos em sua verdadeira ess\u00eancia, entrando nas profundezas de sua cultura, seu povo e suas paisagens. Cada experi\u00eancia que projetamos \u00e9 \u00fanica, personalizada e repleta de detalhes que far\u00e3o da sua viagem uma aventura inesquec\u00edvel. Contacte-nos e descubra Marrocos com Alma Ber\u00e9ber.[\/vc_column_text][vc_custom_heading heading_semantic=&#8221;p&#8221; text_height=&#8221;fontheight-357766&#8243; uncode_shortcode_id=&#8221;201503&#8243;]<u><a href=\"mailto:info@almabereberexperience.com\">info@almabereberexperience.com<\/a><\/u>[\/vc_custom_heading]\n<div class=\"wpcf7 no-js\" id=\"wpcf7-f145803-o1\" lang=\"pt-PT\" dir=\"ltr\" data-wpcf7-id=\"145803\">\n<div class=\"screen-reader-response\"><p role=\"status\" aria-live=\"polite\" aria-atomic=\"true\"><\/p> <ul><\/ul><\/div>\n<form action=\"\/pt-pt\/wp-json\/wp\/v2\/pages\/145659#wpcf7-f145803-o1\" method=\"post\" class=\"wpcf7-form init\" aria-label=\"Formul\u00e1rio de contacto\" novalidate=\"novalidate\" data-status=\"init\">\n<div style=\"display: none;\">\n<input type=\"hidden\" name=\"_wpcf7\" value=\"145803\" \/>\n<input type=\"hidden\" name=\"_wpcf7_version\" value=\"6.0.6\" \/>\n<input type=\"hidden\" name=\"_wpcf7_locale\" value=\"pt_PT\" \/>\n<input type=\"hidden\" name=\"_wpcf7_unit_tag\" value=\"wpcf7-f145803-o1\" \/>\n<input type=\"hidden\" name=\"_wpcf7_container_post\" value=\"0\" \/>\n<input type=\"hidden\" name=\"_wpcf7_posted_data_hash\" value=\"\" \/>\n<input type=\"hidden\" name=\"_wpcf7_recaptcha_response\" value=\"\" \/>\n<\/div>\n<h1 style=\"color:#b4a269;\">FORMUL\u00c1RIO DE CONTATO\n<\/h1>\n<p>&nbsp;\n<\/p>\n<div class=\"wpcf7-inline-wrapper\">\n\t<p class=\"wpcf7-inline-field\"><span class=\"wpcf7-form-control-wrap\" data-name=\"your-name\"><input size=\"40\" maxlength=\"400\" class=\"wpcf7-form-control wpcf7-text wpcf7-validates-as-required\" aria-required=\"true\" aria-invalid=\"false\" placeholder=\"Nome*\" value=\"\" type=\"text\" name=\"your-name\" \/><\/span>\n\t<\/p>\n\t<p class=\"wpcf7-inline-field\"><span class=\"wpcf7-form-control-wrap\" data-name=\"your-surname\"><input size=\"40\" maxlength=\"400\" class=\"wpcf7-form-control wpcf7-text wpcf7-validates-as-required\" aria-required=\"true\" aria-invalid=\"false\" placeholder=\"Sobrenome*\" value=\"\" type=\"text\" name=\"your-surname\" \/><\/span>\n\t<\/p>\n<\/div>\n<div class=\"wpcf7-inline-wrapper\">\n\t<p class=\"wpcf7-inline-field\"><span class=\"wpcf7-form-control-wrap\" data-name=\"your-email\"><input size=\"40\" maxlength=\"400\" class=\"wpcf7-form-control wpcf7-email wpcf7-validates-as-required wpcf7-text wpcf7-validates-as-email\" aria-required=\"true\" aria-invalid=\"false\" placeholder=\"E-mail*\" value=\"\" type=\"email\" name=\"your-email\" \/><\/span>\n\t<\/p>\n\t<p class=\"wpcf7-inline-field\"><span class=\"wpcf7-form-control-wrap\" data-name=\"your-telephone\"><input size=\"40\" maxlength=\"400\" class=\"wpcf7-form-control wpcf7-text form-fluid\" aria-invalid=\"false\" placeholder=\"Telefone\" value=\"\" type=\"text\" name=\"your-telephone\" \/><\/span>\n\t<\/p>\n<\/div>\n<p><span class=\"wpcf7-form-control-wrap\" data-name=\"your-message\"><textarea cols=\"40\" rows=\"10\" maxlength=\"2000\" class=\"wpcf7-form-control wpcf7-textarea\" id=\"your-message\" aria-invalid=\"false\" placeholder=\"Envie-nos uma mensagem\" name=\"your-message\"><\/textarea><\/span>\n<\/p>\n<p><span class=\"wpcf7-form-control-wrap\" data-name=\"accept-this-1\"><span class=\"wpcf7-form-control wpcf7-acceptance\"><span class=\"wpcf7-list-item\"><label><input type=\"checkbox\" name=\"accept-this-1\" value=\"1\" aria-invalid=\"false\" \/><span class=\"wpcf7-list-item-label\">Li e aceito a <a href=\"http:\/\/almabereberexperience.com\/pt-pt\/politica-de-privacidad\/\" target=\"_blank\">pol\u00edtica de privacidade<\/a>.<\/span><\/label><\/span><\/span><\/span>\n<\/p>\n<p><input class=\"wpcf7-form-control wpcf7-submit has-spinner btn-circle\" type=\"submit\" value=\"Solicitar informa\u00e7\u00f5es\" \/>\n<\/p><div class=\"wpcf7-response-output\" aria-hidden=\"true\"><\/div>\n<\/form>\n<\/div>\n[\/vc_column][\/vc_row][vc_row unlock_row_content=&#8221;yes&#8221; row_height_percent=&#8221;0&#8243; override_padding=&#8221;yes&#8221; h_padding=&#8221;2&#8243; top_padding=&#8221;2&#8243; bottom_padding=&#8221;5&#8243; back_color=&#8221;color-210407&#8243; overlay_alpha=&#8221;50&#8243; gutter_size=&#8221;2&#8243; column_width_use_pixel=&#8221;yes&#8221; shift_y=&#8221;0&#8243; z_index=&#8221;0&#8243; content_parallax=&#8221;0&#8243; uncode_shortcode_id=&#8221;203941&#8243; column_width_pixel=&#8221;1350&#8243; back_color_type=&#8221;uncode-palette&#8221;][vc_column column_width_percent=&#8221;100&#8243; position_vertical=&#8221;middle&#8221; gutter_size=&#8221;3&#8243; overlay_alpha=&#8221;50&#8243; shift_x=&#8221;0&#8243; shift_y=&#8221;0&#8243; shift_y_down=&#8221;0&#8243; z_index=&#8221;0&#8243; medium_visibility=&#8221;yes&#8221; medium_width=&#8221;0&#8243; mobile_visibility=&#8221;yes&#8221; mobile_width=&#8221;0&#8243; width=&#8221;1\/4&#8243; uncode_shortcode_id=&#8221;158331&#8243;][vc_single_image media=&#8221;145215&#8243; media_width_percent=&#8221;100&#8243; media_ratio=&#8221;one-one&#8221; shape=&#8221;img-round&#8221; radius=&#8221;xl&#8221; css_animation=&#8221;alpha-anim&#8221; uncode_shortcode_id=&#8221;141291&#8243;][\/vc_column][vc_column column_width_percent=&#8221;100&#8243; position_vertical=&#8221;middle&#8221; gutter_size=&#8221;2&#8243; overlay_alpha=&#8221;50&#8243; shift_x=&#8221;0&#8243; shift_y=&#8221;0&#8243; shift_y_down=&#8221;0&#8243; z_index=&#8221;0&#8243; medium_width=&#8221;7&#8243; mobile_width=&#8221;0&#8243; width=&#8221;1\/2&#8243; uncode_shortcode_id=&#8221;205378&#8243;][vc_row_inner row_inner_height_percent=&#8221;0&#8243; overlay_alpha=&#8221;50&#8243; gutter_size=&#8221;2&#8243; shift_y=&#8221;0&#8243; z_index=&#8221;0&#8243; limit_content=&#8221;&#8221; uncode_shortcode_id=&#8221;417478&#8243;][vc_column_inner column_width_percent=&#8221;100&#8243; gutter_size=&#8221;3&#8243; overlay_alpha=&#8221;50&#8243; shift_x=&#8221;0&#8243; shift_y=&#8221;0&#8243; shift_y_down=&#8221;0&#8243; z_index=&#8221;0&#8243; medium_width=&#8221;5&#8243; mobile_width=&#8221;5&#8243; width=&#8221;2\/3&#8243; uncode_shortcode_id=&#8221;180592&#8243;][vc_single_image media=&#8221;145212&#8243; media_width_percent=&#8221;100&#8243; media_ratio=&#8221;three-two&#8221; shape=&#8221;img-round&#8221; radius=&#8221;xl&#8221; css_animation=&#8221;alpha-anim&#8221; animation_delay=&#8221;100&#8243; uncode_shortcode_id=&#8221;151712&#8243;][\/vc_column_inner][vc_column_inner column_width_percent=&#8221;100&#8243; position_vertical=&#8221;bottom&#8221; gutter_size=&#8221;3&#8243; overlay_alpha=&#8221;50&#8243; shift_x=&#8221;0&#8243; shift_y=&#8221;0&#8243; shift_y_down=&#8221;0&#8243; z_index=&#8221;0&#8243; medium_width=&#8221;3&#8243; mobile_width=&#8221;3&#8243; width=&#8221;1\/3&#8243; uncode_shortcode_id=&#8221;297468&#8243;][vc_single_image media=&#8221;145213&#8243; media_width_percent=&#8221;100&#8243; media_ratio=&#8221;one-one&#8221; shape=&#8221;img-round&#8221; radius=&#8221;xl&#8221; css_animation=&#8221;alpha-anim&#8221; animation_delay=&#8221;200&#8243; uncode_shortcode_id=&#8221;114153&#8243;][\/vc_column_inner][\/vc_row_inner][vc_row_inner row_inner_height_percent=&#8221;0&#8243; overlay_alpha=&#8221;50&#8243; gutter_size=&#8221;2&#8243; shift_y=&#8221;0&#8243; z_index=&#8221;0&#8243; limit_content=&#8221;&#8221; uncode_shortcode_id=&#8221;417478&#8243;][vc_column_inner column_width_percent=&#8221;100&#8243; gutter_size=&#8221;2&#8243; overlay_alpha=&#8221;50&#8243; shift_x=&#8221;0&#8243; shift_y=&#8221;0&#8243; shift_y_down=&#8221;0&#8243; z_index=&#8221;0&#8243; medium_width=&#8221;3&#8243; mobile_width=&#8221;3&#8243; width=&#8221;1\/3&#8243; uncode_shortcode_id=&#8221;118411&#8243;][vc_single_image media=&#8221;145214&#8243; media_width_percent=&#8221;100&#8243; media_ratio=&#8221;one-one&#8221; shape=&#8221;img-round&#8221; radius=&#8221;xl&#8221; css_animation=&#8221;alpha-anim&#8221; animation_delay=&#8221;300&#8243; uncode_shortcode_id=&#8221;164322&#8243;][\/vc_column_inner][vc_column_inner column_width_percent=&#8221;100&#8243; gutter_size=&#8221;3&#8243; overlay_alpha=&#8221;50&#8243; shift_x=&#8221;0&#8243; shift_y=&#8221;0&#8243; shift_y_down=&#8221;0&#8243; z_index=&#8221;0&#8243; medium_width=&#8221;5&#8243; mobile_width=&#8221;5&#8243; width=&#8221;2\/3&#8243; uncode_shortcode_id=&#8221;255245&#8243;][vc_single_image media=&#8221;145210&#8243; media_width_percent=&#8221;100&#8243; media_ratio=&#8221;three-two&#8221; shape=&#8221;img-round&#8221; radius=&#8221;xl&#8221; css_animation=&#8221;alpha-anim&#8221; animation_delay=&#8221;400&#8243; uncode_shortcode_id=&#8221;207458&#8243;][\/vc_column_inner][\/vc_row_inner][\/vc_column][vc_column column_width_percent=&#8221;100&#8243; position_vertical=&#8221;middle&#8221; gutter_size=&#8221;2&#8243; overlay_alpha=&#8221;50&#8243; shift_x=&#8221;0&#8243; shift_y=&#8221;0&#8243; shift_y_down=&#8221;0&#8243; z_index=&#8221;0&#8243; medium_visibility=&#8221;yes&#8221; medium_width=&#8221;0&#8243; mobile_visibility=&#8221;yes&#8221; mobile_width=&#8221;0&#8243; width=&#8221;1\/4&#8243; uncode_shortcode_id=&#8221;122767&#8243;][vc_single_image media=&#8221;145211&#8243; media_width_percent=&#8221;100&#8243; media_ratio=&#8221;one-one&#8221; shape=&#8221;img-round&#8221; radius=&#8221;xl&#8221; css_animation=&#8221;alpha-anim&#8221; animation_delay=&#8221;500&#8243; uncode_shortcode_id=&#8221;111779&#8243;][\/vc_column][\/vc_row]<\/p>\n<\/div>","protected":false},"excerpt":{"rendered":"<p>[vc_row row_height_percent=&#8221;0&#8243; override_padding=&#8221;yes&#8221; h_padding=&#8221;2&#8243; top_padding=&#8221;2&#8243; bottom_padding=&#8221;2&#8243; back_color=&#8221;color-210407&#8243; overlay_alpha=&#8221;50&#8243; gutter_size=&#8221;2&#8243; column_width_percent=&#8221;100&#8243; shift_y=&#8221;0&#8243; z_index=&#8221;0&#8243; content_parallax=&#8221;0&#8243; uncode_shortcode_id=&#8221;198863&#8243; back_color_type=&#8221;uncode-palette&#8221;][vc_column column_width_percent=&#8221;100&#8243; align_horizontal=&#8221;align_center&#8221; gutter_size=&#8221;3&#8243; style=&#8221;dark&#8221; overlay_alpha=&#8221;50&#8243; [&hellip;]<\/p>\n","protected":false},"author":1,"featured_media":0,"parent":0,"menu_order":0,"comment_status":"closed","ping_status":"closed","template":"","meta":{"footnotes":""},"class_list":["post-145659","page","type-page","status-publish","hentry"],"yoast_head":"<!-- This site is optimized with the Yoast SEO plugin v24.5 - https:\/\/yoast.com\/wordpress\/plugins\/seo\/ -->\n<title>Viaja at\u00e9 Marrocos. Organizamos o seu circuito.<\/title>\n<meta name=\"description\" content=\"Descubra Marrocos com uma experi\u00eancia de alma berbere: viagens e experi\u00eancias \u00fanicas a T\u00e2nger, Algeciras, Marraquexe, Chefchaouen e ao deserto.\" \/>\n<meta name=\"robots\" content=\"index, follow, max-snippet:-1, max-image-preview:large, max-video-preview:-1\" \/>\n<link rel=\"canonical\" href=\"https:\/\/almabereberexperience.com\/pt-pt\/contacto\/\" \/>\n<meta property=\"og:locale\" content=\"pt_PT\" \/>\n<meta property=\"og:type\" content=\"article\" \/>\n<meta property=\"og:title\" content=\"Viaja at\u00e9 Marrocos. Organizamos o seu circuito.\" \/>\n<meta property=\"og:description\" content=\"Descubra Marrocos com uma experi\u00eancia de alma berbere: viagens e experi\u00eancias \u00fanicas a T\u00e2nger, Algeciras, Marraquexe, Chefchaouen e ao deserto.\" \/>\n<meta property=\"og:url\" content=\"https:\/\/almabereberexperience.com\/pt-pt\/contacto\/\" \/>\n<meta property=\"og:site_name\" content=\"Alma Ber\u00e9ber\" \/>\n<meta property=\"article:publisher\" content=\"https:\/\/almabereberexperience.com\" \/>\n<meta property=\"article:modified_time\" content=\"2025-06-05T09:12:36+00:00\" \/>\n<meta property=\"og:image\" content=\"https:\/\/almabereberexperience.com\/wp-content\/uploads\/2021\/07\/alma-bereber-experience-home-bg.webp\" \/>\n\t<meta property=\"og:image:width\" content=\"1920\" \/>\n\t<meta property=\"og:image:height\" content=\"1280\" \/>\n\t<meta property=\"og:image:type\" content=\"image\/webp\" \/>\n<meta name=\"twitter:card\" content=\"summary_large_image\" \/>\n<meta name=\"twitter:label1\" content=\"Tempo estimado de leitura\" \/>\n\t<meta name=\"twitter:data1\" content=\"2 minutos\" \/>\n<script type=\"application\/ld+json\" class=\"yoast-schema-graph\">{\"@context\":\"https:\/\/schema.org\",\"@graph\":[{\"@type\":\"WebPage\",\"@id\":\"https:\/\/almabereberexperience.com\/pt-pt\/contacto\/\",\"url\":\"https:\/\/almabereberexperience.com\/pt-pt\/contacto\/\",\"name\":\"Viaja at\u00e9 Marrocos. Organizamos o seu circuito.\",\"isPartOf\":{\"@id\":\"https:\/\/almabereberexperience.com\/pt-pt\/#website\"},\"datePublished\":\"2024-11-06T08:24:13+00:00\",\"dateModified\":\"2025-06-05T09:12:36+00:00\",\"description\":\"Descubra Marrocos com uma experi\u00eancia de alma berbere: viagens e experi\u00eancias \u00fanicas a T\u00e2nger, Algeciras, Marraquexe, Chefchaouen e ao deserto.\",\"breadcrumb\":{\"@id\":\"https:\/\/almabereberexperience.com\/pt-pt\/contacto\/#breadcrumb\"},\"inLanguage\":\"pt-PT\",\"potentialAction\":[{\"@type\":\"ReadAction\",\"target\":[\"https:\/\/almabereberexperience.com\/pt-pt\/contacto\/\"]}]},{\"@type\":\"BreadcrumbList\",\"@id\":\"https:\/\/almabereberexperience.com\/pt-pt\/contacto\/#breadcrumb\",\"itemListElement\":[{\"@type\":\"ListItem\",\"position\":1,\"name\":\"Portada\",\"item\":\"https:\/\/almabereberexperience.com\/pt-pt\/\"},{\"@type\":\"ListItem\",\"position\":2,\"name\":\"Contacto\"}]},{\"@type\":\"WebSite\",\"@id\":\"https:\/\/almabereberexperience.com\/pt-pt\/#website\",\"url\":\"https:\/\/almabereberexperience.com\/pt-pt\/\",\"name\":\"Alma Bereber Experience\",\"description\":\"Vive lo aut\u00e9ntico, siente lo extraordinario\",\"publisher\":{\"@id\":\"https:\/\/almabereberexperience.com\/pt-pt\/#organization\"},\"alternateName\":\"Alma Bereber\",\"potentialAction\":[{\"@type\":\"SearchAction\",\"target\":{\"@type\":\"EntryPoint\",\"urlTemplate\":\"https:\/\/almabereberexperience.com\/pt-pt\/?s={search_term_string}\"},\"query-input\":{\"@type\":\"PropertyValueSpecification\",\"valueRequired\":true,\"valueName\":\"search_term_string\"}}],\"inLanguage\":\"pt-PT\"},{\"@type\":\"Organization\",\"@id\":\"https:\/\/almabereberexperience.com\/pt-pt\/#organization\",\"name\":\"Alma Bereber Experience\",\"alternateName\":\"Alma Bereber\",\"url\":\"https:\/\/almabereberexperience.com\/pt-pt\/\",\"logo\":{\"@type\":\"ImageObject\",\"inLanguage\":\"pt-PT\",\"@id\":\"https:\/\/almabereberexperience.com\/pt-pt\/#\/schema\/logo\/image\/\",\"url\":\"https:\/\/almabereberexperience.com\/wp-content\/uploads\/2024\/10\/alma-bereber-experience-logo.png\",\"contentUrl\":\"https:\/\/almabereberexperience.com\/wp-content\/uploads\/2024\/10\/alma-bereber-experience-logo.png\",\"width\":521,\"height\":999,\"caption\":\"Alma Bereber Experience\"},\"image\":{\"@id\":\"https:\/\/almabereberexperience.com\/pt-pt\/#\/schema\/logo\/image\/\"},\"sameAs\":[\"https:\/\/almabereberexperience.com\"]}]}<\/script>\n<!-- \/ Yoast SEO plugin. -->","yoast_head_json":{"title":"Viaja at\u00e9 Marrocos. Organizamos o seu circuito.","description":"Descubra Marrocos com uma experi\u00eancia de alma berbere: viagens e experi\u00eancias \u00fanicas a T\u00e2nger, Algeciras, Marraquexe, Chefchaouen e ao deserto.","robots":{"index":"index","follow":"follow","max-snippet":"max-snippet:-1","max-image-preview":"max-image-preview:large","max-video-preview":"max-video-preview:-1"},"canonical":"https:\/\/almabereberexperience.com\/pt-pt\/contacto\/","og_locale":"pt_PT","og_type":"article","og_title":"Viaja at\u00e9 Marrocos. Organizamos o seu circuito.","og_description":"Descubra Marrocos com uma experi\u00eancia de alma berbere: viagens e experi\u00eancias \u00fanicas a T\u00e2nger, Algeciras, Marraquexe, Chefchaouen e ao deserto.","og_url":"https:\/\/almabereberexperience.com\/pt-pt\/contacto\/","og_site_name":"Alma Ber\u00e9ber","article_publisher":"https:\/\/almabereberexperience.com","article_modified_time":"2025-06-05T09:12:36+00:00","og_image":[{"width":1920,"height":1280,"url":"https:\/\/almabereberexperience.com\/wp-content\/uploads\/2021\/07\/alma-bereber-experience-home-bg.webp","type":"image\/webp"}],"twitter_card":"summary_large_image","twitter_misc":{"Tempo estimado de leitura":"2 minutos"},"schema":{"@context":"https:\/\/schema.org","@graph":[{"@type":"WebPage","@id":"https:\/\/almabereberexperience.com\/pt-pt\/contacto\/","url":"https:\/\/almabereberexperience.com\/pt-pt\/contacto\/","name":"Viaja at\u00e9 Marrocos. Organizamos o seu circuito.","isPartOf":{"@id":"https:\/\/almabereberexperience.com\/pt-pt\/#website"},"datePublished":"2024-11-06T08:24:13+00:00","dateModified":"2025-06-05T09:12:36+00:00","description":"Descubra Marrocos com uma experi\u00eancia de alma berbere: viagens e experi\u00eancias \u00fanicas a T\u00e2nger, Algeciras, Marraquexe, Chefchaouen e ao deserto.","breadcrumb":{"@id":"https:\/\/almabereberexperience.com\/pt-pt\/contacto\/#breadcrumb"},"inLanguage":"pt-PT","potentialAction":[{"@type":"ReadAction","target":["https:\/\/almabereberexperience.com\/pt-pt\/contacto\/"]}]},{"@type":"BreadcrumbList","@id":"https:\/\/almabereberexperience.com\/pt-pt\/contacto\/#breadcrumb","itemListElement":[{"@type":"ListItem","position":1,"name":"Portada","item":"https:\/\/almabereberexperience.com\/pt-pt\/"},{"@type":"ListItem","position":2,"name":"Contacto"}]},{"@type":"WebSite","@id":"https:\/\/almabereberexperience.com\/pt-pt\/#website","url":"https:\/\/almabereberexperience.com\/pt-pt\/","name":"Alma Bereber Experience","description":"Vive lo aut\u00e9ntico, siente lo extraordinario","publisher":{"@id":"https:\/\/almabereberexperience.com\/pt-pt\/#organization"},"alternateName":"Alma Bereber","potentialAction":[{"@type":"SearchAction","target":{"@type":"EntryPoint","urlTemplate":"https:\/\/almabereberexperience.com\/pt-pt\/?s={search_term_string}"},"query-input":{"@type":"PropertyValueSpecification","valueRequired":true,"valueName":"search_term_string"}}],"inLanguage":"pt-PT"},{"@type":"Organization","@id":"https:\/\/almabereberexperience.com\/pt-pt\/#organization","name":"Alma Bereber Experience","alternateName":"Alma Bereber","url":"https:\/\/almabereberexperience.com\/pt-pt\/","logo":{"@type":"ImageObject","inLanguage":"pt-PT","@id":"https:\/\/almabereberexperience.com\/pt-pt\/#\/schema\/logo\/image\/","url":"https:\/\/almabereberexperience.com\/wp-content\/uploads\/2024\/10\/alma-bereber-experience-logo.png","contentUrl":"https:\/\/almabereberexperience.com\/wp-content\/uploads\/2024\/10\/alma-bereber-experience-logo.png","width":521,"height":999,"caption":"Alma Bereber Experience"},"image":{"@id":"https:\/\/almabereberexperience.com\/pt-pt\/#\/schema\/logo\/image\/"},"sameAs":["https:\/\/almabereberexperience.com"]}]}},"_links":{"self":[{"href":"https:\/\/almabereberexperience.com\/pt-pt\/wp-json\/wp\/v2\/pages\/145659","targetHints":{"allow":["GET"]}}],"collection":[{"href":"https:\/\/almabereberexperience.com\/pt-pt\/wp-json\/wp\/v2\/pages"}],"about":[{"href":"https:\/\/almabereberexperience.com\/pt-pt\/wp-json\/wp\/v2\/types\/page"}],"author":[{"embeddable":true,"href":"https:\/\/almabereberexperience.com\/pt-pt\/wp-json\/wp\/v2\/users\/1"}],"replies":[{"embeddable":true,"href":"https:\/\/almabereberexperience.com\/pt-pt\/wp-json\/wp\/v2\/comments?post=145659"}],"version-history":[{"count":4,"href":"https:\/\/almabereberexperience.com\/pt-pt\/wp-json\/wp\/v2\/pages\/145659\/revisions"}],"predecessor-version":[{"id":145804,"href":"https:\/\/almabereberexperience.com\/pt-pt\/wp-json\/wp\/v2\/pages\/145659\/revisions\/145804"}],"wp:attachment":[{"href":"https:\/\/almabereberexperience.com\/pt-pt\/wp-json\/wp\/v2\/media?parent=145659"}],"curies":[{"name":"wp","href":"https:\/\/api.w.org\/{rel}","templated":true}]}}