{"id":145586,"date":"2024-11-05T10:26:15","date_gmt":"2024-11-05T10:26:15","guid":{"rendered":"https:\/\/almabereberexperience.com\/les-nostres-escapades\/"},"modified":"2025-02-07T07:33:05","modified_gmt":"2025-02-07T07:33:05","slug":"les-nostres-escapades","status":"publish","type":"page","link":"https:\/\/almabereberexperience.com\/ca\/les-nostres-escapades\/","title":{"rendered":"Les nostres escapades"},"content":{"rendered":"<div class=\"wpb-content-wrapper\"><p>[vc_row row_height_percent=&#8221;0&#8243; override_padding=&#8221;yes&#8221; h_padding=&#8221;2&#8243; top_padding=&#8221;2&#8243; bottom_padding=&#8221;2&#8243; back_color=&#8221;color-210407&#8243; overlay_alpha=&#8221;50&#8243; gutter_size=&#8221;2&#8243; column_width_percent=&#8221;100&#8243; shift_y=&#8221;0&#8243; z_index=&#8221;0&#8243; content_parallax=&#8221;0&#8243; uncode_shortcode_id=&#8221;198863&#8243; back_color_type=&#8221;uncode-palette&#8221;][vc_column column_width_percent=&#8221;100&#8243; align_horizontal=&#8221;align_center&#8221; gutter_size=&#8221;3&#8243; style=&#8221;dark&#8221; overlay_alpha=&#8221;50&#8243; shift_x=&#8221;0&#8243; shift_y=&#8221;0&#8243; shift_y_down=&#8221;0&#8243; z_index=&#8221;0&#8243; medium_width=&#8221;0&#8243; mobile_width=&#8221;0&#8243; width=&#8221;1\/1&#8243; uncode_shortcode_id=&#8221;172463&#8243;][vc_custom_heading heading_semantic=&#8221;h1&#8243; text_size=&#8221;fontsize-155944&#8243; text_transform=&#8221;uppercase&#8221; uncode_shortcode_id=&#8221;342020&#8243;]A punt per deixar-te portar per la m\u00e0gia del Marroc?[\/vc_custom_heading][vc_column_text text_lead=&#8221;yes&#8221; uncode_shortcode_id=&#8221;146844&#8243;]Tria la teva experi\u00e8ncia i prepara&#8217;t per descobrir un pa\u00eds on el que \u00e9s extraordinari est\u00e0 a cada pas.[\/vc_column_text][vc_empty_space empty_h=&#8221;1&#8243;][uncode_index el_id=&#8221;index-8148083867&#8243; isotope_mode=&#8221;fitRows&#8221; loop=&#8221;size:8|order_by:date|order:ASC|post_type:experiencias|taxonomy_count:10&#8243; screen_lg=&#8221;1000&#8243; screen_md=&#8221;600&#8243; screen_sm=&#8221;480&#8243; gutter_size=&#8221;3&#8243; post_items=&#8221;media|featured|onpost|poster,title,sep-one|reduced,text|excerpt&#8221; experiencias_items=&#8221;media|featured|onpost|original,title,sep-one|reduced,text|excerpt,spacer|half,link|circle|default_size|scale_mobile|default_width|outline_inverse|Vull anar-hi!&#8221; single_text=&#8221;overlay&#8221; images_size=&#8221;three-four&#8221; single_shape=&#8221;round&#8221; radius=&#8221;lg&#8221; single_overlay_color=&#8221;color-wayh&#8221; single_overlay_opacity=&#8221;50&#8243; single_overlay_visible=&#8221;yes&#8221; single_text_visible=&#8221;yes&#8221; single_text_anim_type=&#8221;btt&#8221; single_h_align=&#8221;center&#8221; single_v_position=&#8221;bottom&#8221; single_padding=&#8221;2&#8243; single_title_dimension=&#8221;h1&#8243; single_title_weight=&#8221;400&#8243; single_title_transform=&#8221;uppercase&#8221; single_border=&#8221;yes&#8221; single_css_animation=&#8221;bottom-t-top&#8221; no_double_tap=&#8221;yes&#8221; uncode_shortcode_id=&#8221;199849&#8243;][vc_empty_space empty_h=&#8221;1&#8243;][\/vc_column][\/vc_row][vc_row row_height_percent=&#8221;100&#8243; override_padding=&#8221;yes&#8221; h_padding=&#8221;2&#8243; top_padding=&#8221;2&#8243; bottom_padding=&#8221;2&#8243; back_color=&#8221;color-210407&#8243; overlay_alpha=&#8221;50&#8243; gutter_size=&#8221;2&#8243; column_width_use_pixel=&#8221;yes&#8221; shift_y=&#8221;0&#8243; z_index=&#8221;0&#8243; content_parallax=&#8221;0&#8243; uncode_shortcode_id=&#8221;841851&#8243; column_width_pixel=&#8221;1350&#8243; back_color_type=&#8221;uncode-palette&#8221;][vc_column column_width_percent=&#8221;100&#8243; position_vertical=&#8221;justify&#8221; align_horizontal=&#8221;align_right&#8221; gutter_size=&#8221;3&#8243; override_padding=&#8221;yes&#8221; column_padding=&#8221;3&#8243; style=&#8221;dark&#8221; back_color=&#8221;accent&#8221; back_image=&#8221;145328&#8243; overlay_alpha=&#8221;0&#8243; radius=&#8221;xl&#8221; shift_x=&#8221;0&#8243; shift_y=&#8221;0&#8243; shift_y_down=&#8221;0&#8243; z_index=&#8221;0&#8243; medium_width=&#8221;0&#8243; mobile_width=&#8221;0&#8243; width=&#8221;1\/2&#8243; uncode_shortcode_id=&#8221;521471&#8243; back_color_type=&#8221;uncode-palette&#8221;][vc_custom_heading text_color=&#8221;color-482803&#8243; heading_semantic=&#8221;h3&#8243; text_size=&#8221;fontsize-338686&#8243; text_transform=&#8221;uppercase&#8221; text_height=&#8221;fontheight-179065&#8243; text_space=&#8221;fontspace-111509&#8243; uncode_shortcode_id=&#8221;164359&#8243; text_color_type=&#8221;uncode-palette&#8221;]Dissenya la teva experi\u00e8ncia al Marroc[\/vc_custom_heading][vc_row_inner limit_content=&#8221;&#8221;][vc_column_inner column_width_percent=&#8221;100&#8243; gutter_size=&#8221;3&#8243; style=&#8221;dark&#8221; overlay_alpha=&#8221;50&#8243; shift_x=&#8221;0&#8243; shift_y=&#8221;0&#8243; shift_y_down=&#8221;0&#8243; z_index=&#8221;0&#8243; medium_width=&#8221;0&#8243; align_mobile=&#8221;align_center_mobile&#8221; mobile_width=&#8221;0&#8243; width=&#8221;1\/1&#8243; uncode_shortcode_id=&#8221;190492&#8243;][vc_custom_heading heading_semantic=&#8221;h6&#8243; text_size=&#8221;custom&#8221; text_weight=&#8221;400&#8243; text_height=&#8221;fontheight-357766&#8243; uncode_shortcode_id=&#8221;179565&#8243; heading_custom_size=&#8221;clamp(16px, 3vw, 26px)&#8221;]Posem a la teva disposici\u00f3 un formulari de contacte perqu\u00e8 ens expliquis els teus desitjos, prefer\u00e8ncies o inquietuds perqu\u00e8 la teva experi\u00e8ncia sigui tal com has somiat. A Alma Ber\u00e9ber no nom\u00e9s viatgem, sentim.[\/vc_custom_heading][\/vc_column_inner][\/vc_row_inner][vc_row_inner limit_content=&#8221;&#8221;][vc_column_inner column_width_percent=&#8221;100&#8243; position_vertical=&#8221;middle&#8221; gutter_size=&#8221;3&#8243; style=&#8221;dark&#8221; overlay_alpha=&#8221;50&#8243; shift_x=&#8221;0&#8243; shift_y=&#8221;0&#8243; shift_y_down=&#8221;0&#8243; z_index=&#8221;0&#8243; medium_width=&#8221;4&#8243; align_mobile=&#8221;align_center_mobile&#8221; mobile_width=&#8221;0&#8243; width=&#8221;1\/2&#8243; uncode_shortcode_id=&#8221;160563&#8243;][vc_custom_heading heading_semantic=&#8221;h5&#8243; text_size=&#8221;custom&#8221; text_transform=&#8221;uppercase&#8221; uncode_shortcode_id=&#8221;453703&#8243; heading_custom_size=&#8221;clamp(30px, 3vw, 25px)&#8221;]Dissenya la teva experi\u00e8ncia[\/vc_custom_heading][\/vc_column_inner][vc_column_inner column_width_percent=&#8221;100&#8243; position_vertical=&#8221;middle&#8221; align_horizontal=&#8221;align_right&#8221; gutter_size=&#8221;3&#8243; style=&#8221;dark&#8221; overlay_alpha=&#8221;50&#8243; shift_x=&#8221;0&#8243; shift_y=&#8221;0&#8243; shift_y_down=&#8221;0&#8243; z_index=&#8221;0&#8243; medium_width=&#8221;4&#8243; align_mobile=&#8221;align_center_mobile&#8221; mobile_width=&#8221;0&#8243; width=&#8221;1\/2&#8243; uncode_shortcode_id=&#8221;208739&#8243;][vc_icon icon=&#8221;fa fa-arrow-right2&#8243; icon_color=&#8221;color-482803&#8243; background_style=&#8221;fa-rounded&#8221; size=&#8221;fa-2x&#8221; uncode_shortcode_id=&#8221;372181&#8243; link=&#8221;url:https%3A%2F%2Falmabereberexperience.com%2Fca%2Fdissenya-la-teva-experiencia%2F|title:Dissenya%20la%20teva%20experi%C3%A8ncia|&#8221; icon_color_type=&#8221;uncode-palette&#8221;][\/vc_icon][\/vc_column_inner][\/vc_row_inner][\/vc_column][vc_column column_width_percent=&#8221;100&#8243; position_vertical=&#8221;justify&#8221; gutter_size=&#8221;3&#8243; back_image=&#8221;145329&#8243; back_position=&#8221;center bottom&#8221; overlay_alpha=&#8221;50&#8243; radius=&#8221;xl&#8221; shift_x=&#8221;0&#8243; shift_y=&#8221;0&#8243; shift_y_down=&#8221;0&#8243; z_index=&#8221;0&#8243; medium_width=&#8221;0&#8243; mobile_width=&#8221;0&#8243; width=&#8221;1\/2&#8243; uncode_shortcode_id=&#8221;343599&#8243; mobile_height=&#8221;33vh&#8221;][\/vc_column][\/vc_row][vc_row row_height_percent=&#8221;0&#8243; override_padding=&#8221;yes&#8221; h_padding=&#8221;2&#8243; top_padding=&#8221;2&#8243; bottom_padding=&#8221;2&#8243; back_color=&#8221;color-210407&#8243; overlay_alpha=&#8221;50&#8243; gutter_size=&#8221;2&#8243; column_width_percent=&#8221;100&#8243; shift_y=&#8221;0&#8243; z_index=&#8221;0&#8243; content_parallax=&#8221;0&#8243; uncode_shortcode_id=&#8221;198863&#8243; back_color_type=&#8221;uncode-palette&#8221;][vc_column column_width_percent=&#8221;100&#8243; align_horizontal=&#8221;align_center&#8221; gutter_size=&#8221;3&#8243; style=&#8221;dark&#8221; overlay_alpha=&#8221;50&#8243; shift_x=&#8221;0&#8243; shift_y=&#8221;0&#8243; shift_y_down=&#8221;0&#8243; z_index=&#8221;0&#8243; medium_width=&#8221;0&#8243; mobile_width=&#8221;0&#8243; width=&#8221;1\/1&#8243; uncode_shortcode_id=&#8221;172463&#8243;][vc_single_image media=&#8221;32&#8243; media_width_use_pixel=&#8221;yes&#8221; alignment=&#8221;center&#8221; uncode_shortcode_id=&#8221;449366&#8243; media_width_pixel=&#8221;100&#8243;][\/vc_column][\/vc_row]<\/p>\n<\/div>","protected":false},"excerpt":{"rendered":"<p>[vc_row row_height_percent=&#8221;0&#8243; override_padding=&#8221;yes&#8221; h_padding=&#8221;2&#8243; top_padding=&#8221;2&#8243; bottom_padding=&#8221;2&#8243; back_color=&#8221;color-210407&#8243; overlay_alpha=&#8221;50&#8243; gutter_size=&#8221;2&#8243; column_width_percent=&#8221;100&#8243; shift_y=&#8221;0&#8243; z_index=&#8221;0&#8243; content_parallax=&#8221;0&#8243; uncode_shortcode_id=&#8221;198863&#8243; back_color_type=&#8221;uncode-palette&#8221;][vc_column column_width_percent=&#8221;100&#8243; align_horizontal=&#8221;align_center&#8221; gutter_size=&#8221;3&#8243; style=&#8221;dark&#8221; overlay_alpha=&#8221;50&#8243; [&hellip;]<\/p>\n","protected":false},"author":1,"featured_media":0,"parent":0,"menu_order":0,"comment_status":"closed","ping_status":"closed","template":"","meta":{"footnotes":""},"class_list":["post-145586","page","type-page","status-publish","hentry"],"yoast_head":"<!-- This site is optimized with the Yoast SEO plugin v24.5 - https:\/\/yoast.com\/wordpress\/plugins\/seo\/ -->\n<title>Escapada al Marroc. Les millors activitats organitzades<\/title>\n<meta name=\"description\" content=\"Descobriu el Marroc amb Alma Ber\u00e9ber Experience: escapades d&#039;un dia a T\u00e0nger, per descobrir el nord o viure experi\u00e8ncies al desert.\" \/>\n<meta name=\"robots\" content=\"index, follow, max-snippet:-1, max-image-preview:large, max-video-preview:-1\" \/>\n<link rel=\"canonical\" href=\"https:\/\/almabereberexperience.com\/ca\/les-nostres-escapades\/\" \/>\n<meta property=\"og:locale\" content=\"ca_ES\" \/>\n<meta property=\"og:type\" content=\"article\" \/>\n<meta property=\"og:title\" content=\"Escapada al Marroc. Les millors activitats organitzades\" \/>\n<meta property=\"og:description\" content=\"Descobriu el Marroc amb Alma Ber\u00e9ber Experience: escapades d&#039;un dia a T\u00e0nger, per descobrir el nord o viure experi\u00e8ncies al desert.\" \/>\n<meta property=\"og:url\" content=\"https:\/\/almabereberexperience.com\/ca\/les-nostres-escapades\/\" \/>\n<meta property=\"og:site_name\" content=\"Alma Ber\u00e9ber\" \/>\n<meta property=\"article:publisher\" content=\"https:\/\/almabereberexperience.com\" \/>\n<meta property=\"article:modified_time\" content=\"2025-02-07T07:33:05+00:00\" \/>\n<meta property=\"og:image\" content=\"https:\/\/almabereberexperience.com\/wp-content\/uploads\/2021\/07\/alma-bereber-experience-home-bg.webp\" \/>\n\t<meta property=\"og:image:width\" content=\"1920\" \/>\n\t<meta property=\"og:image:height\" content=\"1280\" \/>\n\t<meta property=\"og:image:type\" content=\"image\/webp\" \/>\n<meta name=\"twitter:card\" content=\"summary_large_image\" \/>\n<meta name=\"twitter:label1\" content=\"Temps estimat de lectura\" \/>\n\t<meta name=\"twitter:data1\" content=\"2 minuts\" \/>\n<script type=\"application\/ld+json\" class=\"yoast-schema-graph\">{\"@context\":\"https:\/\/schema.org\",\"@graph\":[{\"@type\":\"WebPage\",\"@id\":\"https:\/\/almabereberexperience.com\/ca\/les-nostres-escapades\/\",\"url\":\"https:\/\/almabereberexperience.com\/ca\/les-nostres-escapades\/\",\"name\":\"Escapada al Marroc. Les millors activitats organitzades\",\"isPartOf\":{\"@id\":\"https:\/\/almabereberexperience.com\/ca\/#website\"},\"datePublished\":\"2024-11-05T10:26:15+00:00\",\"dateModified\":\"2025-02-07T07:33:05+00:00\",\"description\":\"Descobriu el Marroc amb Alma Ber\u00e9ber Experience: escapades d'un dia a T\u00e0nger, per descobrir el nord o viure experi\u00e8ncies al desert.\",\"breadcrumb\":{\"@id\":\"https:\/\/almabereberexperience.com\/ca\/les-nostres-escapades\/#breadcrumb\"},\"inLanguage\":\"ca\",\"potentialAction\":[{\"@type\":\"ReadAction\",\"target\":[\"https:\/\/almabereberexperience.com\/ca\/les-nostres-escapades\/\"]}]},{\"@type\":\"BreadcrumbList\",\"@id\":\"https:\/\/almabereberexperience.com\/ca\/les-nostres-escapades\/#breadcrumb\",\"itemListElement\":[{\"@type\":\"ListItem\",\"position\":1,\"name\":\"Portada\",\"item\":\"https:\/\/almabereberexperience.com\/ca\/\"},{\"@type\":\"ListItem\",\"position\":2,\"name\":\"Les nostres escapades\"}]},{\"@type\":\"WebSite\",\"@id\":\"https:\/\/almabereberexperience.com\/ca\/#website\",\"url\":\"https:\/\/almabereberexperience.com\/ca\/\",\"name\":\"Alma Bereber Experience\",\"description\":\"Vive lo aut\u00e9ntico, siente lo extraordinario\",\"publisher\":{\"@id\":\"https:\/\/almabereberexperience.com\/ca\/#organization\"},\"alternateName\":\"Alma Bereber\",\"potentialAction\":[{\"@type\":\"SearchAction\",\"target\":{\"@type\":\"EntryPoint\",\"urlTemplate\":\"https:\/\/almabereberexperience.com\/ca\/?s={search_term_string}\"},\"query-input\":{\"@type\":\"PropertyValueSpecification\",\"valueRequired\":true,\"valueName\":\"search_term_string\"}}],\"inLanguage\":\"ca\"},{\"@type\":\"Organization\",\"@id\":\"https:\/\/almabereberexperience.com\/ca\/#organization\",\"name\":\"Alma Bereber Experience\",\"alternateName\":\"Alma Bereber\",\"url\":\"https:\/\/almabereberexperience.com\/ca\/\",\"logo\":{\"@type\":\"ImageObject\",\"inLanguage\":\"ca\",\"@id\":\"https:\/\/almabereberexperience.com\/ca\/#\/schema\/logo\/image\/\",\"url\":\"https:\/\/almabereberexperience.com\/wp-content\/uploads\/2024\/10\/alma-bereber-experience-logo.png\",\"contentUrl\":\"https:\/\/almabereberexperience.com\/wp-content\/uploads\/2024\/10\/alma-bereber-experience-logo.png\",\"width\":521,\"height\":999,\"caption\":\"Alma Bereber Experience\"},\"image\":{\"@id\":\"https:\/\/almabereberexperience.com\/ca\/#\/schema\/logo\/image\/\"},\"sameAs\":[\"https:\/\/almabereberexperience.com\"]}]}<\/script>\n<!-- \/ Yoast SEO plugin. -->","yoast_head_json":{"title":"Escapada al Marroc. Les millors activitats organitzades","description":"Descobriu el Marroc amb Alma Ber\u00e9ber Experience: escapades d'un dia a T\u00e0nger, per descobrir el nord o viure experi\u00e8ncies al desert.","robots":{"index":"index","follow":"follow","max-snippet":"max-snippet:-1","max-image-preview":"max-image-preview:large","max-video-preview":"max-video-preview:-1"},"canonical":"https:\/\/almabereberexperience.com\/ca\/les-nostres-escapades\/","og_locale":"ca_ES","og_type":"article","og_title":"Escapada al Marroc. Les millors activitats organitzades","og_description":"Descobriu el Marroc amb Alma Ber\u00e9ber Experience: escapades d'un dia a T\u00e0nger, per descobrir el nord o viure experi\u00e8ncies al desert.","og_url":"https:\/\/almabereberexperience.com\/ca\/les-nostres-escapades\/","og_site_name":"Alma Ber\u00e9ber","article_publisher":"https:\/\/almabereberexperience.com","article_modified_time":"2025-02-07T07:33:05+00:00","og_image":[{"width":1920,"height":1280,"url":"https:\/\/almabereberexperience.com\/wp-content\/uploads\/2021\/07\/alma-bereber-experience-home-bg.webp","type":"image\/webp"}],"twitter_card":"summary_large_image","twitter_misc":{"Temps estimat de lectura":"2 minuts"},"schema":{"@context":"https:\/\/schema.org","@graph":[{"@type":"WebPage","@id":"https:\/\/almabereberexperience.com\/ca\/les-nostres-escapades\/","url":"https:\/\/almabereberexperience.com\/ca\/les-nostres-escapades\/","name":"Escapada al Marroc. Les millors activitats organitzades","isPartOf":{"@id":"https:\/\/almabereberexperience.com\/ca\/#website"},"datePublished":"2024-11-05T10:26:15+00:00","dateModified":"2025-02-07T07:33:05+00:00","description":"Descobriu el Marroc amb Alma Ber\u00e9ber Experience: escapades d'un dia a T\u00e0nger, per descobrir el nord o viure experi\u00e8ncies al desert.","breadcrumb":{"@id":"https:\/\/almabereberexperience.com\/ca\/les-nostres-escapades\/#breadcrumb"},"inLanguage":"ca","potentialAction":[{"@type":"ReadAction","target":["https:\/\/almabereberexperience.com\/ca\/les-nostres-escapades\/"]}]},{"@type":"BreadcrumbList","@id":"https:\/\/almabereberexperience.com\/ca\/les-nostres-escapades\/#breadcrumb","itemListElement":[{"@type":"ListItem","position":1,"name":"Portada","item":"https:\/\/almabereberexperience.com\/ca\/"},{"@type":"ListItem","position":2,"name":"Les nostres escapades"}]},{"@type":"WebSite","@id":"https:\/\/almabereberexperience.com\/ca\/#website","url":"https:\/\/almabereberexperience.com\/ca\/","name":"Alma Bereber Experience","description":"Vive lo aut\u00e9ntico, siente lo extraordinario","publisher":{"@id":"https:\/\/almabereberexperience.com\/ca\/#organization"},"alternateName":"Alma Bereber","potentialAction":[{"@type":"SearchAction","target":{"@type":"EntryPoint","urlTemplate":"https:\/\/almabereberexperience.com\/ca\/?s={search_term_string}"},"query-input":{"@type":"PropertyValueSpecification","valueRequired":true,"valueName":"search_term_string"}}],"inLanguage":"ca"},{"@type":"Organization","@id":"https:\/\/almabereberexperience.com\/ca\/#organization","name":"Alma Bereber Experience","alternateName":"Alma Bereber","url":"https:\/\/almabereberexperience.com\/ca\/","logo":{"@type":"ImageObject","inLanguage":"ca","@id":"https:\/\/almabereberexperience.com\/ca\/#\/schema\/logo\/image\/","url":"https:\/\/almabereberexperience.com\/wp-content\/uploads\/2024\/10\/alma-bereber-experience-logo.png","contentUrl":"https:\/\/almabereberexperience.com\/wp-content\/uploads\/2024\/10\/alma-bereber-experience-logo.png","width":521,"height":999,"caption":"Alma Bereber Experience"},"image":{"@id":"https:\/\/almabereberexperience.com\/ca\/#\/schema\/logo\/image\/"},"sameAs":["https:\/\/almabereberexperience.com"]}]}},"_links":{"self":[{"href":"https:\/\/almabereberexperience.com\/ca\/wp-json\/wp\/v2\/pages\/145586","targetHints":{"allow":["GET"]}}],"collection":[{"href":"https:\/\/almabereberexperience.com\/ca\/wp-json\/wp\/v2\/pages"}],"about":[{"href":"https:\/\/almabereberexperience.com\/ca\/wp-json\/wp\/v2\/types\/page"}],"author":[{"embeddable":true,"href":"https:\/\/almabereberexperience.com\/ca\/wp-json\/wp\/v2\/users\/1"}],"replies":[{"embeddable":true,"href":"https:\/\/almabereberexperience.com\/ca\/wp-json\/wp\/v2\/comments?post=145586"}],"version-history":[{"count":5,"href":"https:\/\/almabereberexperience.com\/ca\/wp-json\/wp\/v2\/pages\/145586\/revisions"}],"predecessor-version":[{"id":145791,"href":"https:\/\/almabereberexperience.com\/ca\/wp-json\/wp\/v2\/pages\/145586\/revisions\/145791"}],"wp:attachment":[{"href":"https:\/\/almabereberexperience.com\/ca\/wp-json\/wp\/v2\/media?parent=145586"}],"curies":[{"name":"wp","href":"https:\/\/api.w.org\/{rel}","templated":true}]}}