{"id":145580,"date":"2024-11-06T08:24:13","date_gmt":"2024-11-06T08:24:13","guid":{"rendered":"https:\/\/almabereberexperience.com\/contactar-amb-alma-bereber\/"},"modified":"2025-06-05T09:10:44","modified_gmt":"2025-06-05T09:10:44","slug":"contactar","status":"publish","type":"page","link":"https:\/\/almabereberexperience.com\/ca\/contactar\/","title":{"rendered":"Contactar"},"content":{"rendered":"<div class=\"wpb-content-wrapper\"><p>[vc_row row_height_percent=&#8221;0&#8243; override_padding=&#8221;yes&#8221; h_padding=&#8221;2&#8243; top_padding=&#8221;2&#8243; bottom_padding=&#8221;2&#8243; back_color=&#8221;color-210407&#8243; overlay_alpha=&#8221;50&#8243; gutter_size=&#8221;2&#8243; column_width_percent=&#8221;100&#8243; shift_y=&#8221;0&#8243; z_index=&#8221;0&#8243; content_parallax=&#8221;0&#8243; uncode_shortcode_id=&#8221;198863&#8243; back_color_type=&#8221;uncode-palette&#8221;][vc_column column_width_percent=&#8221;100&#8243; align_horizontal=&#8221;align_center&#8221; gutter_size=&#8221;3&#8243; style=&#8221;dark&#8221; overlay_alpha=&#8221;50&#8243; shift_x=&#8221;0&#8243; shift_y=&#8221;0&#8243; shift_y_down=&#8221;0&#8243; z_index=&#8221;0&#8243; medium_width=&#8221;0&#8243; mobile_width=&#8221;0&#8243; width=&#8221;1\/1&#8243; uncode_shortcode_id=&#8221;172463&#8243;][vc_column_text text_lead=&#8221;yes&#8221; uncode_shortcode_id=&#8221;695425&#8243;]Et portem a viure el Marroc des de la seva veritable ess\u00e8ncia, endinsant-te en el m\u00e9s profund de la seva cultura, gent i paisatges. Cada experi\u00e8ncia que dissenyem \u00e9s \u00fanica, personalitzada i plena de detalls que faran del teu viatge una aventura inoblidable. Contacta amb nosaltres i descobreix el Marroc amb Alma Ber\u00e9ber.[\/vc_column_text][vc_custom_heading heading_semantic=&#8221;p&#8221; text_height=&#8221;fontheight-357766&#8243; uncode_shortcode_id=&#8221;201503&#8243;]<u><a href=\"mailto:info@almabereberexperience.com\">info@almabereberexperience.com<\/a><\/u>[\/vc_custom_heading]\n<div class=\"wpcf7 no-js\" id=\"wpcf7-f145800-o1\" lang=\"\" dir=\"ltr\" data-wpcf7-id=\"145800\">\n<div class=\"screen-reader-response\"><p role=\"status\" aria-live=\"polite\" aria-atomic=\"true\"><\/p> <ul><\/ul><\/div>\n<form action=\"\/ca\/wp-json\/wp\/v2\/pages\/145580#wpcf7-f145800-o1\" method=\"post\" class=\"wpcf7-form init\" aria-label=\"Formulari de contacte\" novalidate=\"novalidate\" data-status=\"init\">\n<div style=\"display: none;\">\n<input type=\"hidden\" name=\"_wpcf7\" value=\"145800\" \/>\n<input type=\"hidden\" name=\"_wpcf7_version\" value=\"6.0.6\" \/>\n<input type=\"hidden\" name=\"_wpcf7_locale\" value=\"\" \/>\n<input type=\"hidden\" name=\"_wpcf7_unit_tag\" value=\"wpcf7-f145800-o1\" \/>\n<input type=\"hidden\" name=\"_wpcf7_container_post\" value=\"0\" \/>\n<input type=\"hidden\" name=\"_wpcf7_posted_data_hash\" value=\"\" \/>\n<input type=\"hidden\" name=\"_wpcf7_recaptcha_response\" value=\"\" \/>\n<\/div>\n<h1 style=\"color:#b4a269;\">FORMULARI DE CONTACTE\n<\/h1>\n<p>&nbsp;\n<\/p>\n<div class=\"wpcf7-inline-wrapper\">\n\t<p class=\"wpcf7-inline-field\"><span class=\"wpcf7-form-control-wrap\" data-name=\"your-name\"><input size=\"40\" maxlength=\"400\" class=\"wpcf7-form-control wpcf7-text wpcf7-validates-as-required\" aria-required=\"true\" aria-invalid=\"false\" placeholder=\"Nom*\" value=\"\" type=\"text\" name=\"your-name\" \/><\/span>\n\t<\/p>\n\t<p class=\"wpcf7-inline-field\"><span class=\"wpcf7-form-control-wrap\" data-name=\"your-surname\"><input size=\"40\" maxlength=\"400\" class=\"wpcf7-form-control wpcf7-text wpcf7-validates-as-required\" aria-required=\"true\" aria-invalid=\"false\" placeholder=\"Cognom*\" value=\"\" type=\"text\" name=\"your-surname\" \/><\/span>\n\t<\/p>\n<\/div>\n<div class=\"wpcf7-inline-wrapper\">\n\t<p class=\"wpcf7-inline-field\"><span class=\"wpcf7-form-control-wrap\" data-name=\"your-email\"><input size=\"40\" maxlength=\"400\" class=\"wpcf7-form-control wpcf7-email wpcf7-validates-as-required wpcf7-text wpcf7-validates-as-email\" aria-required=\"true\" aria-invalid=\"false\" placeholder=\"Correu electr\u00f2nic*\" value=\"\" type=\"email\" name=\"your-email\" \/><\/span>\n\t<\/p>\n\t<p class=\"wpcf7-inline-field\"><span class=\"wpcf7-form-control-wrap\" data-name=\"your-telephone\"><input size=\"40\" maxlength=\"400\" class=\"wpcf7-form-control wpcf7-text form-fluid\" aria-invalid=\"false\" placeholder=\"Tel\u00e8fon\" value=\"\" type=\"text\" name=\"your-telephone\" \/><\/span>\n\t<\/p>\n<\/div>\n<p><span class=\"wpcf7-form-control-wrap\" data-name=\"your-message\"><textarea cols=\"40\" rows=\"10\" maxlength=\"2000\" class=\"wpcf7-form-control wpcf7-textarea\" id=\"your-message\" aria-invalid=\"false\" placeholder=\"Envia&#039;ns un missatge\" name=\"your-message\"><\/textarea><\/span>\n<\/p>\n<p><span class=\"wpcf7-form-control-wrap\" data-name=\"accept-this-1\"><span class=\"wpcf7-form-control wpcf7-acceptance\"><span class=\"wpcf7-list-item\"><label><input type=\"checkbox\" name=\"accept-this-1\" value=\"1\" aria-invalid=\"false\" \/><span class=\"wpcf7-list-item-label\">He llegit i accepto la <a href=\"https:\/\/almabereberexperience.com\/ca\/politica-de-privacidad\/\">Pol\u00edtica de privacitat<\/a><\/span><\/label><\/span><\/span><\/span>\n<\/p>\n<p><input class=\"wpcf7-form-control wpcf7-submit has-spinner btn-circle\" type=\"submit\" value=\"Sol\u00b7licitar informaci\u00f3\" \/>\n<\/p><div class=\"wpcf7-response-output\" aria-hidden=\"true\"><\/div>\n<\/form>\n<\/div>\n[\/vc_column][\/vc_row][vc_row unlock_row_content=&#8221;yes&#8221; row_height_percent=&#8221;0&#8243; override_padding=&#8221;yes&#8221; h_padding=&#8221;2&#8243; top_padding=&#8221;2&#8243; bottom_padding=&#8221;5&#8243; back_color=&#8221;color-210407&#8243; overlay_alpha=&#8221;50&#8243; gutter_size=&#8221;2&#8243; column_width_use_pixel=&#8221;yes&#8221; shift_y=&#8221;0&#8243; z_index=&#8221;0&#8243; content_parallax=&#8221;0&#8243; uncode_shortcode_id=&#8221;203941&#8243; column_width_pixel=&#8221;1350&#8243; back_color_type=&#8221;uncode-palette&#8221;][vc_column column_width_percent=&#8221;100&#8243; position_vertical=&#8221;middle&#8221; gutter_size=&#8221;3&#8243; overlay_alpha=&#8221;50&#8243; shift_x=&#8221;0&#8243; shift_y=&#8221;0&#8243; shift_y_down=&#8221;0&#8243; z_index=&#8221;0&#8243; medium_visibility=&#8221;yes&#8221; medium_width=&#8221;0&#8243; mobile_visibility=&#8221;yes&#8221; mobile_width=&#8221;0&#8243; width=&#8221;1\/4&#8243; uncode_shortcode_id=&#8221;158331&#8243;][vc_single_image media=&#8221;145215&#8243; media_width_percent=&#8221;100&#8243; media_ratio=&#8221;one-one&#8221; shape=&#8221;img-round&#8221; radius=&#8221;xl&#8221; css_animation=&#8221;alpha-anim&#8221; uncode_shortcode_id=&#8221;141291&#8243;][\/vc_column][vc_column column_width_percent=&#8221;100&#8243; position_vertical=&#8221;middle&#8221; gutter_size=&#8221;2&#8243; overlay_alpha=&#8221;50&#8243; shift_x=&#8221;0&#8243; shift_y=&#8221;0&#8243; shift_y_down=&#8221;0&#8243; z_index=&#8221;0&#8243; medium_width=&#8221;7&#8243; mobile_width=&#8221;0&#8243; width=&#8221;1\/2&#8243; uncode_shortcode_id=&#8221;205378&#8243;][vc_row_inner row_inner_height_percent=&#8221;0&#8243; overlay_alpha=&#8221;50&#8243; gutter_size=&#8221;2&#8243; shift_y=&#8221;0&#8243; z_index=&#8221;0&#8243; limit_content=&#8221;&#8221; uncode_shortcode_id=&#8221;417478&#8243;][vc_column_inner column_width_percent=&#8221;100&#8243; gutter_size=&#8221;3&#8243; overlay_alpha=&#8221;50&#8243; shift_x=&#8221;0&#8243; shift_y=&#8221;0&#8243; shift_y_down=&#8221;0&#8243; z_index=&#8221;0&#8243; medium_width=&#8221;5&#8243; mobile_width=&#8221;5&#8243; width=&#8221;2\/3&#8243; uncode_shortcode_id=&#8221;180592&#8243;][vc_single_image media=&#8221;145212&#8243; media_width_percent=&#8221;100&#8243; media_ratio=&#8221;three-two&#8221; shape=&#8221;img-round&#8221; radius=&#8221;xl&#8221; css_animation=&#8221;alpha-anim&#8221; animation_delay=&#8221;100&#8243; uncode_shortcode_id=&#8221;151712&#8243;][\/vc_column_inner][vc_column_inner column_width_percent=&#8221;100&#8243; position_vertical=&#8221;bottom&#8221; gutter_size=&#8221;3&#8243; overlay_alpha=&#8221;50&#8243; shift_x=&#8221;0&#8243; shift_y=&#8221;0&#8243; shift_y_down=&#8221;0&#8243; z_index=&#8221;0&#8243; medium_width=&#8221;3&#8243; mobile_width=&#8221;3&#8243; width=&#8221;1\/3&#8243; uncode_shortcode_id=&#8221;297468&#8243;][vc_single_image media=&#8221;145213&#8243; media_width_percent=&#8221;100&#8243; media_ratio=&#8221;one-one&#8221; shape=&#8221;img-round&#8221; radius=&#8221;xl&#8221; css_animation=&#8221;alpha-anim&#8221; animation_delay=&#8221;200&#8243; uncode_shortcode_id=&#8221;114153&#8243;][\/vc_column_inner][\/vc_row_inner][vc_row_inner row_inner_height_percent=&#8221;0&#8243; overlay_alpha=&#8221;50&#8243; gutter_size=&#8221;2&#8243; shift_y=&#8221;0&#8243; z_index=&#8221;0&#8243; limit_content=&#8221;&#8221; uncode_shortcode_id=&#8221;417478&#8243;][vc_column_inner column_width_percent=&#8221;100&#8243; gutter_size=&#8221;2&#8243; overlay_alpha=&#8221;50&#8243; shift_x=&#8221;0&#8243; shift_y=&#8221;0&#8243; shift_y_down=&#8221;0&#8243; z_index=&#8221;0&#8243; medium_width=&#8221;3&#8243; mobile_width=&#8221;3&#8243; width=&#8221;1\/3&#8243; uncode_shortcode_id=&#8221;118411&#8243;][vc_single_image media=&#8221;145214&#8243; media_width_percent=&#8221;100&#8243; media_ratio=&#8221;one-one&#8221; shape=&#8221;img-round&#8221; radius=&#8221;xl&#8221; css_animation=&#8221;alpha-anim&#8221; animation_delay=&#8221;300&#8243; uncode_shortcode_id=&#8221;164322&#8243;][\/vc_column_inner][vc_column_inner column_width_percent=&#8221;100&#8243; gutter_size=&#8221;3&#8243; overlay_alpha=&#8221;50&#8243; shift_x=&#8221;0&#8243; shift_y=&#8221;0&#8243; shift_y_down=&#8221;0&#8243; z_index=&#8221;0&#8243; medium_width=&#8221;5&#8243; mobile_width=&#8221;5&#8243; width=&#8221;2\/3&#8243; uncode_shortcode_id=&#8221;255245&#8243;][vc_single_image media=&#8221;145210&#8243; media_width_percent=&#8221;100&#8243; media_ratio=&#8221;three-two&#8221; shape=&#8221;img-round&#8221; radius=&#8221;xl&#8221; css_animation=&#8221;alpha-anim&#8221; animation_delay=&#8221;400&#8243; uncode_shortcode_id=&#8221;207458&#8243;][\/vc_column_inner][\/vc_row_inner][\/vc_column][vc_column column_width_percent=&#8221;100&#8243; position_vertical=&#8221;middle&#8221; gutter_size=&#8221;2&#8243; overlay_alpha=&#8221;50&#8243; shift_x=&#8221;0&#8243; shift_y=&#8221;0&#8243; shift_y_down=&#8221;0&#8243; z_index=&#8221;0&#8243; medium_visibility=&#8221;yes&#8221; medium_width=&#8221;0&#8243; mobile_visibility=&#8221;yes&#8221; mobile_width=&#8221;0&#8243; width=&#8221;1\/4&#8243; uncode_shortcode_id=&#8221;122767&#8243;][vc_single_image media=&#8221;145211&#8243; media_width_percent=&#8221;100&#8243; media_ratio=&#8221;one-one&#8221; shape=&#8221;img-round&#8221; radius=&#8221;xl&#8221; css_animation=&#8221;alpha-anim&#8221; animation_delay=&#8221;500&#8243; uncode_shortcode_id=&#8221;111779&#8243;][\/vc_column][\/vc_row]<\/p>\n<\/div>","protected":false},"excerpt":{"rendered":"<p>[vc_row row_height_percent=&#8221;0&#8243; override_padding=&#8221;yes&#8221; h_padding=&#8221;2&#8243; top_padding=&#8221;2&#8243; bottom_padding=&#8221;2&#8243; back_color=&#8221;color-210407&#8243; overlay_alpha=&#8221;50&#8243; gutter_size=&#8221;2&#8243; column_width_percent=&#8221;100&#8243; shift_y=&#8221;0&#8243; z_index=&#8221;0&#8243; content_parallax=&#8221;0&#8243; uncode_shortcode_id=&#8221;198863&#8243; back_color_type=&#8221;uncode-palette&#8221;][vc_column column_width_percent=&#8221;100&#8243; align_horizontal=&#8221;align_center&#8221; gutter_size=&#8221;3&#8243; style=&#8221;dark&#8221; overlay_alpha=&#8221;50&#8243; [&hellip;]<\/p>\n","protected":false},"author":1,"featured_media":0,"parent":0,"menu_order":0,"comment_status":"closed","ping_status":"closed","template":"","meta":{"footnotes":""},"class_list":["post-145580","page","type-page","status-publish","hentry"],"yoast_head":"<!-- This site is optimized with the Yoast SEO plugin v24.5 - https:\/\/yoast.com\/wordpress\/plugins\/seo\/ -->\n<title>Viatges pel Marroc. Organitzadora de viatges<\/title>\n<meta name=\"description\" content=\"Descobreix el Marroc amb Alma Ber\u00e9ber Experience - Viatges i experi\u00e8ncies \u00faniques a T\u00e0nger, Algesires, Marr\u00e0queix, Chefchaouen i el desert.\" \/>\n<meta name=\"robots\" content=\"index, follow, max-snippet:-1, max-image-preview:large, max-video-preview:-1\" \/>\n<link rel=\"canonical\" href=\"https:\/\/almabereberexperience.com\/ca\/contactar\/\" \/>\n<meta property=\"og:locale\" content=\"ca_ES\" \/>\n<meta property=\"og:type\" content=\"article\" \/>\n<meta property=\"og:title\" content=\"Viatges pel Marroc. Organitzadora de viatges\" \/>\n<meta property=\"og:description\" content=\"Descobreix el Marroc amb Alma Ber\u00e9ber Experience - Viatges i experi\u00e8ncies \u00faniques a T\u00e0nger, Algesires, Marr\u00e0queix, Chefchaouen i el desert.\" \/>\n<meta property=\"og:url\" content=\"https:\/\/almabereberexperience.com\/ca\/contactar\/\" \/>\n<meta property=\"og:site_name\" content=\"Alma Ber\u00e9ber\" \/>\n<meta property=\"article:publisher\" content=\"https:\/\/almabereberexperience.com\" \/>\n<meta property=\"article:modified_time\" content=\"2025-06-05T09:10:44+00:00\" \/>\n<meta property=\"og:image\" content=\"https:\/\/almabereberexperience.com\/wp-content\/uploads\/2021\/07\/alma-bereber-experience-home-bg.webp\" \/>\n\t<meta property=\"og:image:width\" content=\"1920\" \/>\n\t<meta property=\"og:image:height\" content=\"1280\" \/>\n\t<meta property=\"og:image:type\" content=\"image\/webp\" \/>\n<meta name=\"twitter:card\" content=\"summary_large_image\" \/>\n<meta name=\"twitter:label1\" content=\"Temps estimat de lectura\" \/>\n\t<meta name=\"twitter:data1\" content=\"2 minuts\" \/>\n<script type=\"application\/ld+json\" class=\"yoast-schema-graph\">{\"@context\":\"https:\/\/schema.org\",\"@graph\":[{\"@type\":\"WebPage\",\"@id\":\"https:\/\/almabereberexperience.com\/ca\/contactar\/\",\"url\":\"https:\/\/almabereberexperience.com\/ca\/contactar\/\",\"name\":\"Viatges pel Marroc. Organitzadora de viatges\",\"isPartOf\":{\"@id\":\"https:\/\/almabereberexperience.com\/ca\/#website\"},\"datePublished\":\"2024-11-06T08:24:13+00:00\",\"dateModified\":\"2025-06-05T09:10:44+00:00\",\"description\":\"Descobreix el Marroc amb Alma Ber\u00e9ber Experience - Viatges i experi\u00e8ncies \u00faniques a T\u00e0nger, Algesires, Marr\u00e0queix, Chefchaouen i el desert.\",\"breadcrumb\":{\"@id\":\"https:\/\/almabereberexperience.com\/ca\/contactar\/#breadcrumb\"},\"inLanguage\":\"ca\",\"potentialAction\":[{\"@type\":\"ReadAction\",\"target\":[\"https:\/\/almabereberexperience.com\/ca\/contactar\/\"]}]},{\"@type\":\"BreadcrumbList\",\"@id\":\"https:\/\/almabereberexperience.com\/ca\/contactar\/#breadcrumb\",\"itemListElement\":[{\"@type\":\"ListItem\",\"position\":1,\"name\":\"Portada\",\"item\":\"https:\/\/almabereberexperience.com\/ca\/\"},{\"@type\":\"ListItem\",\"position\":2,\"name\":\"Contactar\"}]},{\"@type\":\"WebSite\",\"@id\":\"https:\/\/almabereberexperience.com\/ca\/#website\",\"url\":\"https:\/\/almabereberexperience.com\/ca\/\",\"name\":\"Alma Bereber Experience\",\"description\":\"Vive lo aut\u00e9ntico, siente lo extraordinario\",\"publisher\":{\"@id\":\"https:\/\/almabereberexperience.com\/ca\/#organization\"},\"alternateName\":\"Alma Bereber\",\"potentialAction\":[{\"@type\":\"SearchAction\",\"target\":{\"@type\":\"EntryPoint\",\"urlTemplate\":\"https:\/\/almabereberexperience.com\/ca\/?s={search_term_string}\"},\"query-input\":{\"@type\":\"PropertyValueSpecification\",\"valueRequired\":true,\"valueName\":\"search_term_string\"}}],\"inLanguage\":\"ca\"},{\"@type\":\"Organization\",\"@id\":\"https:\/\/almabereberexperience.com\/ca\/#organization\",\"name\":\"Alma Bereber Experience\",\"alternateName\":\"Alma Bereber\",\"url\":\"https:\/\/almabereberexperience.com\/ca\/\",\"logo\":{\"@type\":\"ImageObject\",\"inLanguage\":\"ca\",\"@id\":\"https:\/\/almabereberexperience.com\/ca\/#\/schema\/logo\/image\/\",\"url\":\"https:\/\/almabereberexperience.com\/wp-content\/uploads\/2024\/10\/alma-bereber-experience-logo.png\",\"contentUrl\":\"https:\/\/almabereberexperience.com\/wp-content\/uploads\/2024\/10\/alma-bereber-experience-logo.png\",\"width\":521,\"height\":999,\"caption\":\"Alma Bereber Experience\"},\"image\":{\"@id\":\"https:\/\/almabereberexperience.com\/ca\/#\/schema\/logo\/image\/\"},\"sameAs\":[\"https:\/\/almabereberexperience.com\"]}]}<\/script>\n<!-- \/ Yoast SEO plugin. -->","yoast_head_json":{"title":"Viatges pel Marroc. Organitzadora de viatges","description":"Descobreix el Marroc amb Alma Ber\u00e9ber Experience - Viatges i experi\u00e8ncies \u00faniques a T\u00e0nger, Algesires, Marr\u00e0queix, Chefchaouen i el desert.","robots":{"index":"index","follow":"follow","max-snippet":"max-snippet:-1","max-image-preview":"max-image-preview:large","max-video-preview":"max-video-preview:-1"},"canonical":"https:\/\/almabereberexperience.com\/ca\/contactar\/","og_locale":"ca_ES","og_type":"article","og_title":"Viatges pel Marroc. Organitzadora de viatges","og_description":"Descobreix el Marroc amb Alma Ber\u00e9ber Experience - Viatges i experi\u00e8ncies \u00faniques a T\u00e0nger, Algesires, Marr\u00e0queix, Chefchaouen i el desert.","og_url":"https:\/\/almabereberexperience.com\/ca\/contactar\/","og_site_name":"Alma Ber\u00e9ber","article_publisher":"https:\/\/almabereberexperience.com","article_modified_time":"2025-06-05T09:10:44+00:00","og_image":[{"width":1920,"height":1280,"url":"https:\/\/almabereberexperience.com\/wp-content\/uploads\/2021\/07\/alma-bereber-experience-home-bg.webp","type":"image\/webp"}],"twitter_card":"summary_large_image","twitter_misc":{"Temps estimat de lectura":"2 minuts"},"schema":{"@context":"https:\/\/schema.org","@graph":[{"@type":"WebPage","@id":"https:\/\/almabereberexperience.com\/ca\/contactar\/","url":"https:\/\/almabereberexperience.com\/ca\/contactar\/","name":"Viatges pel Marroc. Organitzadora de viatges","isPartOf":{"@id":"https:\/\/almabereberexperience.com\/ca\/#website"},"datePublished":"2024-11-06T08:24:13+00:00","dateModified":"2025-06-05T09:10:44+00:00","description":"Descobreix el Marroc amb Alma Ber\u00e9ber Experience - Viatges i experi\u00e8ncies \u00faniques a T\u00e0nger, Algesires, Marr\u00e0queix, Chefchaouen i el desert.","breadcrumb":{"@id":"https:\/\/almabereberexperience.com\/ca\/contactar\/#breadcrumb"},"inLanguage":"ca","potentialAction":[{"@type":"ReadAction","target":["https:\/\/almabereberexperience.com\/ca\/contactar\/"]}]},{"@type":"BreadcrumbList","@id":"https:\/\/almabereberexperience.com\/ca\/contactar\/#breadcrumb","itemListElement":[{"@type":"ListItem","position":1,"name":"Portada","item":"https:\/\/almabereberexperience.com\/ca\/"},{"@type":"ListItem","position":2,"name":"Contactar"}]},{"@type":"WebSite","@id":"https:\/\/almabereberexperience.com\/ca\/#website","url":"https:\/\/almabereberexperience.com\/ca\/","name":"Alma Bereber Experience","description":"Vive lo aut\u00e9ntico, siente lo extraordinario","publisher":{"@id":"https:\/\/almabereberexperience.com\/ca\/#organization"},"alternateName":"Alma Bereber","potentialAction":[{"@type":"SearchAction","target":{"@type":"EntryPoint","urlTemplate":"https:\/\/almabereberexperience.com\/ca\/?s={search_term_string}"},"query-input":{"@type":"PropertyValueSpecification","valueRequired":true,"valueName":"search_term_string"}}],"inLanguage":"ca"},{"@type":"Organization","@id":"https:\/\/almabereberexperience.com\/ca\/#organization","name":"Alma Bereber Experience","alternateName":"Alma Bereber","url":"https:\/\/almabereberexperience.com\/ca\/","logo":{"@type":"ImageObject","inLanguage":"ca","@id":"https:\/\/almabereberexperience.com\/ca\/#\/schema\/logo\/image\/","url":"https:\/\/almabereberexperience.com\/wp-content\/uploads\/2024\/10\/alma-bereber-experience-logo.png","contentUrl":"https:\/\/almabereberexperience.com\/wp-content\/uploads\/2024\/10\/alma-bereber-experience-logo.png","width":521,"height":999,"caption":"Alma Bereber Experience"},"image":{"@id":"https:\/\/almabereberexperience.com\/ca\/#\/schema\/logo\/image\/"},"sameAs":["https:\/\/almabereberexperience.com"]}]}},"_links":{"self":[{"href":"https:\/\/almabereberexperience.com\/ca\/wp-json\/wp\/v2\/pages\/145580","targetHints":{"allow":["GET"]}}],"collection":[{"href":"https:\/\/almabereberexperience.com\/ca\/wp-json\/wp\/v2\/pages"}],"about":[{"href":"https:\/\/almabereberexperience.com\/ca\/wp-json\/wp\/v2\/types\/page"}],"author":[{"embeddable":true,"href":"https:\/\/almabereberexperience.com\/ca\/wp-json\/wp\/v2\/users\/1"}],"replies":[{"embeddable":true,"href":"https:\/\/almabereberexperience.com\/ca\/wp-json\/wp\/v2\/comments?post=145580"}],"version-history":[{"count":5,"href":"https:\/\/almabereberexperience.com\/ca\/wp-json\/wp\/v2\/pages\/145580\/revisions"}],"predecessor-version":[{"id":145643,"href":"https:\/\/almabereberexperience.com\/ca\/wp-json\/wp\/v2\/pages\/145580\/revisions\/145643"}],"wp:attachment":[{"href":"https:\/\/almabereberexperience.com\/ca\/wp-json\/wp\/v2\/media?parent=145580"}],"curies":[{"name":"wp","href":"https:\/\/api.w.org\/{rel}","templated":true}]}}